{"id":240,"date":"2021-12-27T12:22:48","date_gmt":"2021-12-27T12:22:48","guid":{"rendered":"https:\/\/www.dataprivacysolution.com\/wp\/wordpress\/?page_id=240"},"modified":"2025-05-26T12:05:26","modified_gmt":"2025-05-26T12:05:26","slug":"politica-de-privacidad","status":"publish","type":"page","link":"https:\/\/www.dataprivacysolution.com\/index.php\/politica-de-privacidad\/","title":{"rendered":"Pol\u00edtica de Privacidad"},"content":{"rendered":"\n<p>En aplicaci\u00f3n de lo dispuesto en el Reglamento Europeo General de Protecci\u00f3n de Datos de Abril 2016 (RGPD), la Ley Org\u00e1nica 3\/2018, de 5 de diciembre, de Protecci\u00f3n de Datos de Personales y garant\u00eda de los derechos digitales (LOPDGDD), y la Ley 34\/2002, de 11 de julio, de Servicios de la Sociedad de la Informaci\u00f3n y de Comercio Electr\u00f3nico (LSSICE), le informamos de que <em>LEGALSEC CONSULTING S.L., <\/em>titular de la presente p\u00e1gina web <a href=\"https:\/\/www.dataprivacysolution.com\">www.dataprivacysolution.com<\/a>&nbsp; (en adelante DPS), mantiene un compromiso de riguroso cumplimiento de la legislaci\u00f3n vigente en materia de tratamiento de datos personales y seguridad de la informaci\u00f3n con objeto de garantizar a sus usuarios que la recogida y tratamiento de los datos facilitados se efect\u00faan con plenas garant\u00edas de seguridad. Antes de contactar con DPS y suministrar alg\u00fan dato de car\u00e1cter personal deber\u00e1s leer esta \u201cPol\u00edtica de Privacidad\u201d y aceptarla marcando la casilla establecida en los respectivos formularios de registro de <em>LEGALSEC CONSULTING S.L<\/em> mediante el procedimiento equivalente que se establezca, en su caso.<\/p>\n\n\n\n<p>Nuestra Pol\u00edtica de Privacidad afecta tanto a la informaci\u00f3n personal que nos proporciona, as\u00ed como a todos los datos que nos facilites al acceder a cualquiera de los servicios disponibles en la web.<\/p>\n\n\n\n<p><strong>PROTECCI\u00d3N DE DATOS PERSONALES<\/strong><\/p>\n\n\n\n<p>El responsable del tratamiento de sus datos personales es <em>LEGALSEC CONSULTING S.L. <\/em>con C.I.F n\u00famero B-87850657, y con direcci\u00f3n en&nbsp;Calle Doctor Fleming 35, 1\u00baD, CP 28036 (Madrid) Espa\u00f1a.<\/p>\n\n\n\n<p><em>LEGALSEC CONSULTING S.L.<\/em>&nbsp; como propietario del dominio de <a href=\"https:\/\/www.dataprivacysolution.com\">www.dataprivacysolution.com<\/a> informa a los usuarios de su Web, acerca de su Pol\u00edtica de Protecci\u00f3n de Datos Personales para que determinen libre y voluntariamente si desean facilitar a DPS los datos personales que se les puedan requerir o que se puedan obtener con ocasi\u00f3n de los servicios y funcionalidades que ponemos a su disposici\u00f3n.<\/p>\n\n\n\n<ol type=\"I\">\n<li><strong>\u00bfC\u00f3mo obtenemos sus datos personales?<\/strong><\/li>\n<\/ol>\n\n\n\n<p>Recogemos sus datos personales en distintas ocasiones:<\/p>\n\n\n\n<p>&#8211; A trav\u00e9s del correo electr\u00f3nico <a href=\"mailto:info@dataprivacysolution.com\">info@dataprivacysolution.com<\/a> o por tel\u00e9fono al (+34) 910 059 322<\/p>\n\n\n\n<p>&#8211; Por medio del formulario  \u00abSolicitar informaci\u00f3n\u00bb<\/p>\n\n\n\n<p>&#8211; Por medio de la pesta\u00f1a \u00abDemo personalizada\u00bb<\/p>\n\n\n\n<ol type=\"I\">\n<li><strong>\u00bfQu\u00e9 informaci\u00f3n podemos obtener sobre usted? (Derecho de informaci\u00f3n)<\/strong><\/li>\n<\/ol>\n\n\n\n<p>A trav\u00e9s de  \u00ab<strong><em>correo electr\u00f3nico o n\u00famero de tel\u00e9fono<\/em><\/strong>\u00bb se solicitan los siguientes datos de car\u00e1cter personal (nombre, correo electr\u00f3nico, n\u00famero fijo o m\u00f3vil), con la finalidad de contactar y dar respuestas a los usuarios que soliciten informaci\u00f3n en relaci\u00f3n los servicios prestados, as\u00ed como gestionar sus preguntas, dudas o sugerencias por correo electr\u00f3nico o v\u00eda telef\u00f3nica, los datos ser\u00e1n utilizado \u00fanica y exclusivamente con la finalidad anteriormente mencionada.&nbsp;<\/p>\n\n\n\n<p>Por medio del formulario \u00ab<strong><em>Solicitar informaci\u00f3n<\/em><\/strong>\u00ab, tratamos su nombre y correo electr\u00f3nico, y opcionalmente su n\u00famero de tel\u00e9fono, con la finalidad de contactar y dar respuestas a los usuarios que as\u00ed lo soliciten para gestionar sus preguntas, dudas o sugerencias., los datos ser\u00e1n utilizados \u00fanica y exclusivamente con la finalidad anteriormente mencionada.&nbsp;<\/p>\n\n\n\n<p>Por medio de la pesta\u00f1a \u00ab<strong><em>Demo personalizada<\/em><\/strong>\u00bb se requiere obligatoriamente del nombre e email, y opcionalmente el n\u00famero de tel\u00e9fono&nbsp;con la finalidad de contactar a los fines de mostrarles la demo de la aplicaci\u00f3n, y dar respuestas a los usuarios que as\u00ed lo soliciten para gestionar sus preguntas, dudas o sugerencias, los datos ser\u00e1n utilizado \u00fanica y exclusivamente con la finalidad anteriormente mencionada.&nbsp;<\/p>\n\n\n\n<p>Para que la informaci\u00f3n que recabamos est\u00e9 siempre actualizada y no contenga errores, pedimos a nuestros clientes que nos comuniquen, a la mayor brevedad posible, las modificaciones y rectificaciones de sus datos de car\u00e1cter personal.<\/p>\n\n\n\n<ol type=\"I\">\n<li><strong>\u00bfC\u00f3mo nos otorgas tu consentimiento para el tratamiento de los datos?<\/strong><\/li>\n<\/ol>\n\n\n\n<p>Se entender\u00e1 que el usuario acepta las condiciones establecidas en la presente \u201cPol\u00edtica de Privacidad\u201d y otorga su <strong><em>consentimiento expreso, inequ\u00edvoco e informado<\/em><\/strong> al tratamiento de sus datos personales por parte del titular de la web de conformidad con lo establecido en el RGPD, si pulsa el bot\u00f3n \u00abEnviar\u00bb. Todos los datos personales detallados en el apartado II, as\u00ed como cualquier otro dato suministrado por los usuarios que se puedan obtener con ocasi\u00f3n de la cumplimentaci\u00f3n de los formularios alojados en la Web de <a href=\"https:\/\/www.dataprivacysolution.com\">www.dataprivacysolution.com<\/a>&nbsp; ser\u00e1n objeto de tratamiento por parte de <em>LEGALSEC CONSULTING S.L.<\/em>, el cual consta en su registro de actividades correspondiente, quien ser\u00e1 la responsable y destinataria de la informaci\u00f3n.<\/p>\n\n\n\n<p>Los datos personales recogidos de nuestros usuarios son almacenados por <em>LEGALSEC CONSULTING S.L.<\/em>, quien garantiza las medidas oportunas de \u00edndole t\u00e9cnica y organizativa para prevenir la integridad y seguridad de la informaci\u00f3n personal aportada. Los datos recabados son los adecuados, pertinentes y no excesivos en relaci\u00f3n con el \u00e1mbito, las finalidades y servicios determinados, expl\u00edcitos y leg\u00edtimos detallados en la presente pol\u00edtica de privacidad y recogidos en la web <a href=\"https:\/\/www.dataprivacysolution.com\">www.dataprivacysolution.com<\/a>.<\/p>\n\n\n\n<p><strong>\u00bfC\u00f3mo mantenemos protegidos sus datos?<\/strong><\/p>\n\n\n\n<p><em>LEGALSEC CONSULTING S.L.<\/em>&nbsp;se preocupa por garantizar la seguridad y confidencialidad de sus datos. Por eso, le informamos que hemos adoptado los niveles de seguridad de protecci\u00f3n de los datos personales legalmente requeridos, as\u00ed como las medidas de seguridad y medios t\u00e9cnicos necesarios para evitar su p\u00e9rdida, mal uso o su acceso sin su autorizaci\u00f3n. Ello, no obstante, el usuario debe ser consciente de que las medidas de seguridad en Internet no son inexpugnables. Ciertos servicios prestados en la web (<a href=\"https:\/\/www.dataprivacysolution.com\">www.dataprivacysolution.com<\/a> ) pueden contener condiciones particulares con previsiones espec\u00edficas en materia de Protecci\u00f3n de Datos Personales.<\/p>\n\n\n\n<p><strong>\u00bfDurante cu\u00e1nto tiempo conservamos sus datos?<\/strong><\/p>\n\n\n\n<p>Sus datos personales ser\u00e1n conservados durante el tiempo necesario para cumplir la finalidad para la cual se recogieron. Si usted contrata el servicio ofrecido por DPS, los datos ser\u00e1n tratados mientras se mantenga la relaci\u00f3n contractual. Si sus datos se utilizan para varias finalidades que nos obligan a conservarlos durante plazos diferentes, aplicaremos el plazo de conservaci\u00f3n m\u00e1s largo.<\/p>\n\n\n\n<p>En todo caso, limitamos el acceso a sus datos s\u00f3lo a aquellas personas necesiten utilizarla para el desempe\u00f1o de sus funciones.<\/p>\n\n\n\n<p>Nuestros plazos de conservaci\u00f3n de datos est\u00e1n basados en necesidades de negocio, por lo que en relaci\u00f3n con aquellos datos personales que ya no sean necesarios bien quedar\u00e1 limitado el acceso a los mismos al cumplimiento de obligaciones estrictamente legales o bien se destruir\u00e1n de forma segura.<\/p>\n\n\n\n<ul>\n<li><strong>\u00bfCon qui\u00e9n podemos compartir sus datos y c\u00f3mo los protegemos?<\/strong><\/li>\n<\/ul>\n\n\n\n<p><em>LEGALSEC CONSULTING S.L.<\/em>&nbsp;no cede sus datos a terceros salvo en los casos en que exista una obligaci\u00f3n legal, ni realiza transferencia internacional de los mismos.<\/p>\n\n\n\n<p><strong>VII. Control de la Privacidad.&nbsp;<\/strong><\/p>\n\n\n\n<p>El usuario tendr\u00e1 el control sobre sus datos y podr\u00e1 acceder en todo momento y cambiar los mismos. De igual manera, podr\u00e1 solicitar la baja del uso de sus datos de car\u00e1cter personal en el siguiente correo electr\u00f3nico: <a href=\"mailto:info@dataprivacysolution.com\">info@dataprivacysolution.com<\/a><\/p>\n\n\n\n<p>Una vez finalizada la relaci\u00f3n con <em>LEGALSEC CONSULTING S.L.,<\/em> es decir, cuando el usuario se d\u00e9 de baja del servicio, ser\u00e1n suprimidos todos sus datos de car\u00e1cter personal autom\u00e1ticamente, los cuales permanecer\u00e1n bloqueados a fin de cumplir con las obligaciones legales de conformidad con lo establecido en el Apartado V.<\/p>\n\n\n\n<ul>\n<li><strong>\u00bfC\u00f3mo puede ejercer los derechos de acceso, rectificaci\u00f3n, supresi\u00f3n, limitaci\u00f3n, portabilidad de los datos y oposici\u00f3n al tratamiento de Datos de Car\u00e1cter Personal?&nbsp;<\/strong><\/li>\n<\/ul>\n\n\n\n<p>Los usuarios de la p\u00e1gina web de <em>LEGALSEC CONSULTING S.L.<\/em>&nbsp; podr\u00e1n ejercitar los derechos antes detallados reconocidos por el RGPD en cualquier momento y de forma gratuita, presencialmente o mediante comunicaci\u00f3n por correo postal dirigida a El responsable del tratamiento de sus datos personales es <em>LEGALSEC CONSULTING S.L. <\/em>con C.I.F n\u00famero B-87850657, y con direcci\u00f3n en  Calle Doctor Fleming 35, 1\u00baD, CP 28036 (Madrid) Espa\u00f1a ; o por e-mail a la direcci\u00f3n: <a href=\"mailto:info@dataprivacysolution.com\">info@dataprivacysolution.com<\/a>, &nbsp;adjuntando copia del DNI u otro documento que acredite su identidad, referencia: Protecci\u00f3n de Datos de Car\u00e1cter Personal. Igualmente, le recordamos la posibilidad de dirigir una reclamaci\u00f3n ante la Agencia Espa\u00f1ola de Protecci\u00f3n de Datos de Car\u00e1cter Personal por el tratamiento de sus datos personales realizado por parte de <em>LEGALSEC CONSULTING S.L.<\/em><\/p>\n\n\n\n<p><em>LEGALSEC CONSULTING S.L.<\/em>&nbsp;, no utilizar\u00e1 los datos personales para un fin distinto al expresado en el Apartado II, y guardar\u00e1 la m\u00e1xima confidencialidad de la informaci\u00f3n suministrada. Asimismo, en cumplimiento de lo previsto en el LSSICE en los supuestos de env\u00edo de comunicaciones comerciales v\u00eda correo electr\u00f3nico, <em>LEGALSEC CONSULTING S.L. <\/em>incluir\u00e1 una direcci\u00f3n electr\u00f3nica (<a href=\"mailto:info@dataprivacysolution.com\">info@dataprivacysolution.com<\/a> ) donde los usuarios podr\u00e1n ejercitar en cualquier momento sus derechos de acceso, limitaci\u00f3n, rectificaci\u00f3n u oposici\u00f3n, para darse de baja en cualquier momento, y en consecuencia no recibir ning\u00fan tipo de informaci\u00f3n o comunicaci\u00f3n.&nbsp;<\/p>\n\n\n\n<p><em>LEGALSEC CONSULTING S.L.<\/em>&nbsp;se preocupa por garantizar la seguridad y confidencialidad de sus datos. Por eso, le informamos que hemos implementado las medidas de \u00edndole t\u00e9cnica y organizativa de conformidad con el \u00abPrincipio de integridad y confidencialidad\u00bb previsto en el art\u00edculo 5.1.f) y las disposiciones del art\u00edculo 32 del RGPD, que garantizan una seguridad adecuada de los datos de car\u00e1cter personal incluida la protecci\u00f3n contra el tratamiento no autorizado o il\u00edcito, y\/o que eviten su alteraci\u00f3n, p\u00e9rdida, destrucci\u00f3n o da\u00f1o accidental, habida cuenta del estado de la tecnolog\u00eda, la naturaleza de los datos almacenados y los riesgos a que est\u00e1n expuestos, ya provengan de la acci\u00f3n humana o del medio f\u00edsico o natural.<\/p>\n\n\n\n<p>Le recordamos que usted tiene derecho a solicitar:<\/p>\n\n\n\n<p>&#8211; m\u00e1s detalles sobre el uso que hacemos de su informaci\u00f3n,<\/p>\n\n\n\n<p>&#8211; una copia de la informaci\u00f3n que nos ha facilitado,<\/p>\n\n\n\n<p>&#8211; corregir inexactitudes en la informaci\u00f3n que mantenemos,<\/p>\n\n\n\n<p>&#8211; borrar informaci\u00f3n para cuyo uso ya no tengamos base jur\u00eddica,<\/p>\n\n\n\n<p>&#8211; revocar su consentimiento para el tratamiento de sus datos con esos fines, en los casos en que el tratamiento de los datos est\u00e1 condicionado al consentimiento, as\u00ed como para cualquier comunicaci\u00f3n de marketing directo,<\/p>\n\n\n\n<p>&#8211; oponerse a cualquier tratamiento de sus datos -incluida la elaboraci\u00f3n de perfiles- que tome como base jur\u00eddica el inter\u00e9s leg\u00edtimo, a menos que nuestros motivos para llevar a cabo ese tratamiento compensen cualquier posible perjuicio hacia sus derechos de protecci\u00f3n de datos,<\/p>\n\n\n\n<p>&#8211; restringir la manera en que utilizamos sus datos mientras se investiga una reclamaci\u00f3n.<\/p>\n\n\n\n<p>El ejercicio por su parte de estos derechos est\u00e1 sujeto a determinadas excepciones por motivos de inter\u00e9s general (por ejemplo, la prevenci\u00f3n o detecci\u00f3n de delitos) y por nuestros propios intereses (por ejemplo, el mantenimiento de la confidencialidad del asesoramiento jur\u00eddico). Si usted ejerciera alguno de estos derechos, comprobaremos que est\u00e1 facultado realmente para ello, le responderemos en un mes o en el plazo m\u00e1ximo previsto en la normativa espa\u00f1ola, si \u00e9ste fuera inferior.<\/p>\n\n\n\n<p>Si no est\u00e1 satisfecho con la manera en que utilizamos su informaci\u00f3n o con nuestra respuesta ante el ejercicio de cualquiera de estos derechos, puede presentar una reclamaci\u00f3n ante la Agencia Espa\u00f1ola de Protecci\u00f3n de Datos (<a href=\"https:\/\/www.aepd.es\/\">www.aepd.es<\/a>).<\/p>\n\n\n\n<ol type=\"I\">\n<li><strong>&nbsp;Bases Jur\u00eddicas para el Tratamiento de Datos de Car\u00e1cter Personal<\/strong><\/li>\n<\/ol>\n\n\n\n<p>El uso de sus datos en las condiciones anteriormente descritas est\u00e1 permitido por la normativa de protecci\u00f3n de datos europea y espa\u00f1ola de conformidad con las siguientes bases jur\u00eddicas:<\/p>\n\n\n\n<p>&#8211; Usted ha manifestado su consentimiento (se le ha presentado un formulario de consentimiento para que autorice el tratamiento de sus datos con determinadas finalidades; usted puede revocar el consentimiento prestado en todo momento);<\/p>\n\n\n\n<p>&#8211; El tratamiento de sus datos es necesario para la gesti\u00f3n y mantenimiento de la relaci\u00f3n con <em>LEGALSEC CONSULTING S.L.<\/em>;<\/p>\n\n\n\n<p>&#8211; El tratamiento de sus datos es necesario para cumplir con nuestras obligaciones legales;<\/p>\n\n\n\n<p>&#8211; Utilizamos sus datos para conseguir un inter\u00e9s leg\u00edtimo y nuestros motivos para hacerlo compensen los posibles perjuicios para sus derechos a la protecci\u00f3n de sus datos;<\/p>\n\n\n\n<p>Puede haber finalidades que est\u00e9n permitidas en virtud de otras bases jur\u00eddicas; en tales casos, haremos todo lo posible por identificar la base jur\u00eddica en cuesti\u00f3n y comunic\u00e1rsela lo antes posible en cuanto tengamos conocimiento de su existencia.<\/p>\n\n\n\n<ul>\n<li><strong>Uso de Cookies<\/strong><\/li>\n<\/ul>\n\n\n\n<p>Una cookie es un archivo de texto que un servidor web puede guardar en el disco duro de un equipo para almacenar informaci\u00f3n sobre el usuario, y s\u00f3lo puede ser le\u00edda por el sitio web que lo envi\u00f3 al equipo. As\u00ed como tambi\u00e9n, cualquier dispositivo de almacenamiento y recuperaci\u00f3n de datos en equipos terminales de los destinatarios. El portal web <a href=\"https:\/\/www.dataprivacysolution.com\">www.dataprivacysolution.com<\/a>&nbsp; utiliza cookies para acceder a informaci\u00f3n relativa a los usuarios del sitio web, cuyo detalle e informaci\u00f3n sobre la utilizaci\u00f3n de las cookies, de forma clara y completa, se encuentran desarrolladas en nuestra \u201cPol\u00edtica de Cookies\u201d, en cumplimiento de lo previsto en el art\u00edculo 22.2 de la LSSICE, modificada por el Real Decreto-Ley 13\/2012, de 30 de marzo, que traspone al ordenamiento jur\u00eddico espa\u00f1ol la Directiva 2002\/58\/CE, relativa al tratamiento de los datos personales y a la protecci\u00f3n de la intimidad en el sector de las comunicaciones electr\u00f3nicas.<\/p>\n\n\n\n<ul>\n<li><strong>Enlaces<\/strong><\/li>\n<\/ul>\n\n\n\n<p>Esta pol\u00edtica de privacidad s\u00f3lo es de aplicaci\u00f3n a la p\u00e1gina web (<a href=\"https:\/\/www.dataprivacysolution.com\">www.dataprivacysolution.com<\/a> ).&nbsp; No se garantiza en los accesos a trav\u00e9s de enlaces con este sitio, ni a los enlaces desde este sitio con otras webs.<\/p>\n\n\n\n<ul>\n<li><strong>Modificaci\u00f3n<\/strong><\/li>\n<\/ul>\n\n\n\n<p><em>LEGALSEC CONSULTING S.L.<\/em>&nbsp;podr\u00e1 modificar la presente pol\u00edtica para adaptarla a novedades legislativas o jurisprudenciales, as\u00ed como a futuras buenas pr\u00e1cticas. En dichos supuestos, <em>LEGALSEC CONSULTING S.L.<\/em>&nbsp; anunciar\u00e1 en esta p\u00e1gina los cambios introducidos con razonable antelaci\u00f3n a su puesta en pr\u00e1ctica, e informar\u00e1 a los usuarios de las actualizaciones o modificaciones de la presente pol\u00edtica de privacidad.<\/p>\n","protected":false},"excerpt":{"rendered":"<p>En aplicaci\u00f3n de lo dispuesto en el Reglamento Europeo General de Protecci\u00f3n de Datos de Abril 2016 (RGPD), la Ley Org\u00e1nica 3\/2018, de 5 de diciembre, de Protecci\u00f3n de Datos de Personales y garant\u00eda de los derechos digitales (LOPDGDD), y la Ley 34\/2002, de 11 de julio, de Servicios de la Sociedad de la Informaci\u00f3n&#8230;<\/p>\n","protected":false},"author":1,"featured_media":0,"parent":0,"menu_order":0,"comment_status":"closed","ping_status":"closed","template":"","meta":[],"yoast_head":"<!-- This site is optimized with the Yoast SEO plugin v18.2 - https:\/\/yoast.com\/wordpress\/plugins\/seo\/ -->\n<title>Pol\u00edtica de Privacidad | Data Privacy Solution<\/title>\n<meta name=\"robots\" content=\"noindex, follow\" \/>\n<meta property=\"og:locale\" content=\"es_ES\" \/>\n<meta property=\"og:type\" content=\"article\" \/>\n<meta property=\"og:title\" content=\"Pol\u00edtica de Privacidad | Data Privacy Solution\" \/>\n<meta property=\"og:description\" content=\"En aplicaci\u00f3n de lo dispuesto en el Reglamento Europeo General de Protecci\u00f3n de Datos de Abril 2016 (RGPD), la Ley Org\u00e1nica 3\/2018, de 5 de diciembre, de Protecci\u00f3n de Datos de Personales y garant\u00eda de los derechos digitales (LOPDGDD), y la Ley 34\/2002, de 11 de julio, de Servicios de la Sociedad de la Informaci\u00f3n...\" \/>\n<meta property=\"og:url\" content=\"https:\/\/www.dataprivacysolution.com\/index.php\/politica-de-privacidad\/\" \/>\n<meta property=\"og:site_name\" content=\"Data Privacy Solution\" \/>\n<meta property=\"article:modified_time\" content=\"2025-05-26T12:05:26+00:00\" \/>\n<meta name=\"twitter:card\" content=\"summary_large_image\" \/>\n<meta name=\"twitter:label1\" content=\"Tiempo de lectura\" \/>\n\t<meta name=\"twitter:data1\" content=\"12 minutos\" \/>\n<script type=\"application\/ld+json\" class=\"yoast-schema-graph\">{\"@context\":\"https:\/\/schema.org\",\"@graph\":[{\"@type\":\"Organization\",\"@id\":\"https:\/\/www.dataprivacysolution.com\/#organization\",\"name\":\"Data Privacy Solution\",\"url\":\"https:\/\/www.dataprivacysolution.com\/\",\"sameAs\":[],\"logo\":{\"@type\":\"ImageObject\",\"@id\":\"https:\/\/www.dataprivacysolution.com\/#logo\",\"inLanguage\":\"es\",\"url\":\"https:\/\/www.dataprivacysolution.com\/wp-content\/uploads\/2021\/06\/1200.png\",\"contentUrl\":\"https:\/\/www.dataprivacysolution.com\/wp-content\/uploads\/2021\/06\/1200.png\",\"width\":1200,\"height\":1200,\"caption\":\"Data Privacy Solution\"},\"image\":{\"@id\":\"https:\/\/www.dataprivacysolution.com\/#logo\"}},{\"@type\":\"WebSite\",\"@id\":\"https:\/\/www.dataprivacysolution.com\/#website\",\"url\":\"https:\/\/www.dataprivacysolution.com\/\",\"name\":\"Data Privacy Solution\",\"description\":\"Protecci\u00f3n de datos personales para empresas y consultores\",\"publisher\":{\"@id\":\"https:\/\/www.dataprivacysolution.com\/#organization\"},\"potentialAction\":[{\"@type\":\"SearchAction\",\"target\":{\"@type\":\"EntryPoint\",\"urlTemplate\":\"https:\/\/www.dataprivacysolution.com\/?s={search_term_string}\"},\"query-input\":\"required name=search_term_string\"}],\"inLanguage\":\"es\"},{\"@type\":\"WebPage\",\"@id\":\"https:\/\/www.dataprivacysolution.com\/index.php\/politica-de-privacidad\/#webpage\",\"url\":\"https:\/\/www.dataprivacysolution.com\/index.php\/politica-de-privacidad\/\",\"name\":\"Pol\u00edtica de Privacidad | Data Privacy Solution\",\"isPartOf\":{\"@id\":\"https:\/\/www.dataprivacysolution.com\/#website\"},\"datePublished\":\"2021-12-27T12:22:48+00:00\",\"dateModified\":\"2025-05-26T12:05:26+00:00\",\"breadcrumb\":{\"@id\":\"https:\/\/www.dataprivacysolution.com\/index.php\/politica-de-privacidad\/#breadcrumb\"},\"inLanguage\":\"es\",\"potentialAction\":[{\"@type\":\"ReadAction\",\"target\":[\"https:\/\/www.dataprivacysolution.com\/index.php\/politica-de-privacidad\/\"]}]},{\"@type\":\"BreadcrumbList\",\"@id\":\"https:\/\/www.dataprivacysolution.com\/index.php\/politica-de-privacidad\/#breadcrumb\",\"itemListElement\":[{\"@type\":\"ListItem\",\"position\":1,\"name\":\"Portada\",\"item\":\"https:\/\/www.dataprivacysolution.com\/\"},{\"@type\":\"ListItem\",\"position\":2,\"name\":\"Pol\u00edtica de Privacidad\"}]}]}<\/script>\n<!-- \/ Yoast SEO plugin. -->","yoast_head_json":{"title":"Pol\u00edtica de Privacidad | Data Privacy Solution","robots":{"index":"noindex","follow":"follow"},"og_locale":"es_ES","og_type":"article","og_title":"Pol\u00edtica de Privacidad | Data Privacy Solution","og_description":"En aplicaci\u00f3n de lo dispuesto en el Reglamento Europeo General de Protecci\u00f3n de Datos de Abril 2016 (RGPD), la Ley Org\u00e1nica 3\/2018, de 5 de diciembre, de Protecci\u00f3n de Datos de Personales y garant\u00eda de los derechos digitales (LOPDGDD), y la Ley 34\/2002, de 11 de julio, de Servicios de la Sociedad de la Informaci\u00f3n...","og_url":"https:\/\/www.dataprivacysolution.com\/index.php\/politica-de-privacidad\/","og_site_name":"Data Privacy Solution","article_modified_time":"2025-05-26T12:05:26+00:00","twitter_card":"summary_large_image","twitter_misc":{"Tiempo de lectura":"12 minutos"},"schema":{"@context":"https:\/\/schema.org","@graph":[{"@type":"Organization","@id":"https:\/\/www.dataprivacysolution.com\/#organization","name":"Data Privacy Solution","url":"https:\/\/www.dataprivacysolution.com\/","sameAs":[],"logo":{"@type":"ImageObject","@id":"https:\/\/www.dataprivacysolution.com\/#logo","inLanguage":"es","url":"https:\/\/www.dataprivacysolution.com\/wp-content\/uploads\/2021\/06\/1200.png","contentUrl":"https:\/\/www.dataprivacysolution.com\/wp-content\/uploads\/2021\/06\/1200.png","width":1200,"height":1200,"caption":"Data Privacy Solution"},"image":{"@id":"https:\/\/www.dataprivacysolution.com\/#logo"}},{"@type":"WebSite","@id":"https:\/\/www.dataprivacysolution.com\/#website","url":"https:\/\/www.dataprivacysolution.com\/","name":"Data Privacy Solution","description":"Protecci\u00f3n de datos personales para empresas y consultores","publisher":{"@id":"https:\/\/www.dataprivacysolution.com\/#organization"},"potentialAction":[{"@type":"SearchAction","target":{"@type":"EntryPoint","urlTemplate":"https:\/\/www.dataprivacysolution.com\/?s={search_term_string}"},"query-input":"required name=search_term_string"}],"inLanguage":"es"},{"@type":"WebPage","@id":"https:\/\/www.dataprivacysolution.com\/index.php\/politica-de-privacidad\/#webpage","url":"https:\/\/www.dataprivacysolution.com\/index.php\/politica-de-privacidad\/","name":"Pol\u00edtica de Privacidad | Data Privacy Solution","isPartOf":{"@id":"https:\/\/www.dataprivacysolution.com\/#website"},"datePublished":"2021-12-27T12:22:48+00:00","dateModified":"2025-05-26T12:05:26+00:00","breadcrumb":{"@id":"https:\/\/www.dataprivacysolution.com\/index.php\/politica-de-privacidad\/#breadcrumb"},"inLanguage":"es","potentialAction":[{"@type":"ReadAction","target":["https:\/\/www.dataprivacysolution.com\/index.php\/politica-de-privacidad\/"]}]},{"@type":"BreadcrumbList","@id":"https:\/\/www.dataprivacysolution.com\/index.php\/politica-de-privacidad\/#breadcrumb","itemListElement":[{"@type":"ListItem","position":1,"name":"Portada","item":"https:\/\/www.dataprivacysolution.com\/"},{"@type":"ListItem","position":2,"name":"Pol\u00edtica de Privacidad"}]}]}},"_links":{"self":[{"href":"https:\/\/www.dataprivacysolution.com\/index.php\/wp-json\/wp\/v2\/pages\/240"}],"collection":[{"href":"https:\/\/www.dataprivacysolution.com\/index.php\/wp-json\/wp\/v2\/pages"}],"about":[{"href":"https:\/\/www.dataprivacysolution.com\/index.php\/wp-json\/wp\/v2\/types\/page"}],"author":[{"embeddable":true,"href":"https:\/\/www.dataprivacysolution.com\/index.php\/wp-json\/wp\/v2\/users\/1"}],"replies":[{"embeddable":true,"href":"https:\/\/www.dataprivacysolution.com\/index.php\/wp-json\/wp\/v2\/comments?post=240"}],"version-history":[{"count":6,"href":"https:\/\/www.dataprivacysolution.com\/index.php\/wp-json\/wp\/v2\/pages\/240\/revisions"}],"predecessor-version":[{"id":728,"href":"https:\/\/www.dataprivacysolution.com\/index.php\/wp-json\/wp\/v2\/pages\/240\/revisions\/728"}],"wp:attachment":[{"href":"https:\/\/www.dataprivacysolution.com\/index.php\/wp-json\/wp\/v2\/media?parent=240"}],"curies":[{"name":"wp","href":"https:\/\/api.w.org\/{rel}","templated":true}]}}