{"id":251,"date":"2021-12-27T12:46:05","date_gmt":"2021-12-27T12:46:05","guid":{"rendered":"https:\/\/www.dataprivacysolution.com\/wp\/wordpress\/?page_id=251"},"modified":"2025-05-26T08:57:35","modified_gmt":"2025-05-26T08:57:35","slug":"aviso-legal","status":"publish","type":"page","link":"https:\/\/www.dataprivacysolution.com\/index.php\/aviso-legal\/","title":{"rendered":"Aviso Legal"},"content":{"rendered":"\n<p><em>LEGALSEC CONSULTING S.L.<\/em>&nbsp;en cumplimiento de la Ley 34\/2002, de 11 de julio, de Servicios de la Sociedad de la Informaci\u00f3n y de Comercio Electr\u00f3nico (LSSI), informa que:<\/p>\n\n\n\n<p>1. www.dataprivacysolution.com, es una web titularidad de&nbsp;<em>LEGALSEC CONSULTING S.L.<\/em>, con domicilio en Calle Doctor Fleming 35, 1\u00baD, CP 28036 (Madrid) Espa\u00f1a, y C.I.F: B-87850657.<\/p>\n\n\n\n<p>Para comunicarse con nosotros, ponemos a su disposici\u00f3n diferentes medios de contacto como lo son el tel\u00e9fono 910 059 322, o enviando un e-mail a: info@dataprivacysolution.com.<\/p>\n\n\n\n<p>2. El dominio www.dataprivacysolution.com tiene por objeto facilitar, al p\u00fablico en general, el conocimiento de las actividades que realiza, y la descripci\u00f3n de los productos y servicios que presta&nbsp;<em>LEGALSEC CONSULTING S.L.<\/em><\/p>\n\n\n\n<p>3. Estas condiciones generales regulan el acceso y utilizaci\u00f3n del sitio www.dataprivacysolution.com (en adelante \u00abla Web\u00bb) que&nbsp;<em>LEGALSEC CONSULTING S.L.<\/em>&nbsp;coloca gratuitamente a disposici\u00f3n de los usuarios de Internet.<\/p>\n\n\n\n<p>El acceso al sitio implica la aceptaci\u00f3n \u00edntegra de las presentes condiciones, sin perjuicio de las condiciones generales o particulares previstas para determinados y concretos servicios, y que se entender\u00e1n aceptadas por el mero uso de los mismos.<\/p>\n\n\n\n<p>4. Los derechos de propiedad intelectual de la p\u00e1gina www.dataprivacysolution.com as\u00ed como su c\u00f3digo fuente, dise\u00f1o, estructura de navegaci\u00f3n, bases de datos y los distintos elementos en \u00e9l contenidos son titularidad de&nbsp;<em>LEGALSEC CONSULTING S.L.<\/em>, que goza de la titularidad de los derechos exclusivos de explotaci\u00f3n de los mismos en cualquier forma, especialmente a trav\u00e9s de los derechos de reproducci\u00f3n, distribuci\u00f3n, comunicaci\u00f3n p\u00fablica y transformaci\u00f3n.<\/p>\n\n\n\n<p>5. Se autoriza la visualizaci\u00f3n, impresi\u00f3n y descarga parcial del contenido de la Web s\u00f3lo y exclusivamente si concurren las siguientes condiciones:<\/p>\n\n\n\n<ul>\n<li>Compatibilidad con los fines de la Web.<\/li>\n\n\n\n<li>\u00c1nimo exclusivo de obtener la informaci\u00f3n contenida para uso personal y privado. Se proh\u00edbe expresamente su utilizaci\u00f3n con fines comerciales o para su distribuci\u00f3n, comunicaci\u00f3n p\u00fablica, transformaci\u00f3n o descompilaci\u00f3n.<\/li>\n\n\n\n<li>Respeto de la integridad de los contenidos de la Web, prohibi\u00e9ndose expresamente cualquier modificaci\u00f3n de los mismos.<\/li>\n\n\n\n<li>No utilizaci\u00f3n de las fotos, gr\u00e1ficos o im\u00e1genes disponibles en la Web separadamente del texto o del resto de im\u00e1genes que los acompa\u00f1en.<\/li>\n<\/ul>\n\n\n\n<p>6.&nbsp;<em>LEGALSEC CONSULTING S.L.<\/em>&nbsp;se reserva la facultad de efectuar, en cualquier momento y sin necesidad de previo aviso, modificaciones y actualizaciones de la informaci\u00f3n contenida en la Web, de la configuraci\u00f3n y dise\u00f1o de \u00e9sta y de las condiciones de acceso.<\/p>\n\n\n\n<p>7.&nbsp;<em>LEGALSEC CONSULTING S.L.<\/em>&nbsp;no garantiza la inexistencia de interrupciones o errores en el acceso a la Web o a su contenido, ni que \u00e9ste se encuentre actualizado, si bien se compromete a llevar a cabo, siempre que no concurran causas que lo hagan imposible o de dif\u00edcil ejecuci\u00f3n, y tan pronto tenga noticia de los errores, desconexiones o falta de actualizaci\u00f3n en los contenidos, todas aquellas labores tendentes a subsanar los errores, restablecer la comunicaci\u00f3n y actualizar los contenidos.<\/p>\n\n\n\n<p>8. Tanto el acceso a la Web como el uso indebido que pueda efectuarse de la informaci\u00f3n contenida en la misma es de la exclusiva responsabilidad de quien lo realiza.<\/p>\n\n\n\n<p><em>LEGALSEC CONSULTING S.L.<\/em>&nbsp;no responder\u00e1 de ninguna consecuencia, da\u00f1o o perjuicio que pudieran derivarse de dicho acceso o uso.<\/p>\n\n\n\n<p><em>LEGALSEC CONSULTING S.L.<\/em>&nbsp;tampoco se hace responsable de los errores de seguridad que se puedan producir, ni de los da\u00f1os que puedan causarse al sistema inform\u00e1tico del usuario (hardware y software), o a los ficheros o documentos almacenados en el mismo, como consecuencia de:<\/p>\n\n\n\n<ul>\n<li>La presencia de un virus en el ordenador del usuario que sea utilizado para la conexi\u00f3n a los servicios y contenidos de la Web.<\/li>\n\n\n\n<li>Un mal funcionamiento del navegador.<\/li>\n\n\n\n<li>Del uso de versiones no actualizadas del mismo.<\/li>\n<\/ul>\n\n\n\n<p>9.&nbsp;<em>LEGALSEC CONSULTING S.L.<\/em>&nbsp;no asume responsabilidad alguna derivada de los contenidos enlazados desde la Web, siempre que sean ajenos a la misma, ni garantiza la ausencia de virus u otros elementos en los mismos que puedan producir alteraciones en el sistema inform\u00e1tico (hardware y software), en los documentos o los ficheros del usuario, excluyendo cualquier responsabilidad por los da\u00f1os de cualquier clase causados al usuario por este motivo.<\/p>\n\n\n\n<p>En el caso de que cualquier usuario, cliente o un tercero, considerara que el contenido o los servicios prestados por las p\u00e1ginas enlazadas son il\u00edcitos o lesionan bienes o derechos del propio usuario, de un cliente o de un tercero susceptibles de indemnizaci\u00f3n, y, en particular, consistan en:<\/p>\n\n\n\n<ul>\n<li>Actividades o contenidos susceptibles de ser considerados delictivos conforme la normativa penal espa\u00f1ola.<\/li>\n\n\n\n<li>Actividades o contenidos que violen derechos de propiedad intelectual o industrial.<\/li>\n\n\n\n<li>Actividades o contenidos que pongan en peligro el orden p\u00fablico, la investigaci\u00f3n penal, la seguridad p\u00fablica y la defensa nacional.<\/li>\n\n\n\n<li>Actividades o contenidos que pongan en peligro la protecci\u00f3n de la salud p\u00fablica, el respeto a la dignidad de la persona y al principio de no discriminaci\u00f3n, y la protecci\u00f3n de la salud y la infancia.<\/li>\n<\/ul>\n\n\n\n<p>El usuario deber\u00e1 mandar un correo electr\u00f3nico a (info@dataprivacysolution.com) para que los administradores inicien el procedimiento adecuado para solventar los problemas pertinentes.<\/p>\n\n\n\n<p>10.&nbsp;<em>LEGALSEC CONSULTING S.L.<\/em>&nbsp;es titular de los derechos de propiedad industrial referidos a sus productos y servicios. Respecto a las citas de productos y servicios de terceros,&nbsp;<em>LEGALSEC CONSULTING S.L.<\/em>&nbsp;reconoce a favor de sus titulares los correspondientes derechos de propiedad industrial e intelectual, no implicando su sola menci\u00f3n o aparici\u00f3n en la Web la existencia de derechos o responsabilidad alguna de&nbsp;<em>LEGALSEC CONSULTING S.L.<\/em>&nbsp;sobre los mismos, como tampoco respaldo, patrocinio, o recomendaci\u00f3n por parte de&nbsp;<em>LEGALSEC CONSULTING S.L.<\/em>&nbsp;a no ser que se manifieste de manera expresa.<\/p>\n\n\n\n<p>11. La utilizaci\u00f3n no autorizada de la informaci\u00f3n contenida en la Web, su reventa, as\u00ed como la lesi\u00f3n de los derechos de Propiedad Intelectual de&nbsp;<em>LEGALSEC CONSULTING S.L.<\/em>&nbsp;dar\u00e1 lugar a las responsabilidades legalmente establecidas.<\/p>\n\n\n\n<p>12.&nbsp;<em>LEGALSEC CONSULTING S.L.<\/em>, y el usuario, con renuncia expresa a cualquier otro fuero, se someten al de los juzgados y tribunales del domicilio del usuario para cualquier controversia que pudiera derivarse del acceso, o uso de la Web.<\/p>\n","protected":false},"excerpt":{"rendered":"<p>LEGALSEC CONSULTING S.L.&nbsp;en cumplimiento de la Ley 34\/2002, de 11 de julio, de Servicios de la Sociedad de la Informaci\u00f3n y de Comercio Electr\u00f3nico (LSSI), informa que: 1. www.dataprivacysolution.com, es una web titularidad de&nbsp;LEGALSEC CONSULTING S.L., con domicilio en Calle Doctor Fleming 35, 1\u00baD, CP 28036 (Madrid) Espa\u00f1a, y C.I.F: B-87850657. Para comunicarse con nosotros,&#8230;<\/p>\n","protected":false},"author":1,"featured_media":0,"parent":0,"menu_order":0,"comment_status":"closed","ping_status":"closed","template":"","meta":[],"yoast_head":"<!-- This site is optimized with the Yoast SEO plugin v18.2 - https:\/\/yoast.com\/wordpress\/plugins\/seo\/ -->\n<title>Aviso Legal | Data Privacy Solution<\/title>\n<meta name=\"robots\" content=\"noindex, follow\" \/>\n<meta property=\"og:locale\" content=\"es_ES\" \/>\n<meta property=\"og:type\" content=\"article\" \/>\n<meta property=\"og:title\" content=\"Aviso Legal | Data Privacy Solution\" \/>\n<meta property=\"og:description\" content=\"LEGALSEC CONSULTING S.L.&nbsp;en cumplimiento de la Ley 34\/2002, de 11 de julio, de Servicios de la Sociedad de la Informaci\u00f3n y de Comercio Electr\u00f3nico (LSSI), informa que: 1. www.dataprivacysolution.com, es una web titularidad de&nbsp;LEGALSEC CONSULTING S.L., con domicilio en Calle Doctor Fleming 35, 1\u00baD, CP 28036 (Madrid) Espa\u00f1a, y C.I.F: B-87850657. Para comunicarse con nosotros,...\" \/>\n<meta property=\"og:url\" content=\"https:\/\/www.dataprivacysolution.com\/index.php\/aviso-legal\/\" \/>\n<meta property=\"og:site_name\" content=\"Data Privacy Solution\" \/>\n<meta property=\"article:modified_time\" content=\"2025-05-26T08:57:35+00:00\" \/>\n<meta name=\"twitter:card\" content=\"summary_large_image\" \/>\n<meta name=\"twitter:label1\" content=\"Tiempo de lectura\" \/>\n\t<meta name=\"twitter:data1\" content=\"5 minutos\" \/>\n<script type=\"application\/ld+json\" class=\"yoast-schema-graph\">{\"@context\":\"https:\/\/schema.org\",\"@graph\":[{\"@type\":\"Organization\",\"@id\":\"https:\/\/www.dataprivacysolution.com\/#organization\",\"name\":\"Data Privacy Solution\",\"url\":\"https:\/\/www.dataprivacysolution.com\/\",\"sameAs\":[],\"logo\":{\"@type\":\"ImageObject\",\"@id\":\"https:\/\/www.dataprivacysolution.com\/#logo\",\"inLanguage\":\"es\",\"url\":\"https:\/\/www.dataprivacysolution.com\/wp-content\/uploads\/2021\/06\/1200.png\",\"contentUrl\":\"https:\/\/www.dataprivacysolution.com\/wp-content\/uploads\/2021\/06\/1200.png\",\"width\":1200,\"height\":1200,\"caption\":\"Data Privacy Solution\"},\"image\":{\"@id\":\"https:\/\/www.dataprivacysolution.com\/#logo\"}},{\"@type\":\"WebSite\",\"@id\":\"https:\/\/www.dataprivacysolution.com\/#website\",\"url\":\"https:\/\/www.dataprivacysolution.com\/\",\"name\":\"Data Privacy Solution\",\"description\":\"Protecci\u00f3n de datos personales para empresas y consultores\",\"publisher\":{\"@id\":\"https:\/\/www.dataprivacysolution.com\/#organization\"},\"potentialAction\":[{\"@type\":\"SearchAction\",\"target\":{\"@type\":\"EntryPoint\",\"urlTemplate\":\"https:\/\/www.dataprivacysolution.com\/?s={search_term_string}\"},\"query-input\":\"required name=search_term_string\"}],\"inLanguage\":\"es\"},{\"@type\":\"WebPage\",\"@id\":\"https:\/\/www.dataprivacysolution.com\/index.php\/aviso-legal\/#webpage\",\"url\":\"https:\/\/www.dataprivacysolution.com\/index.php\/aviso-legal\/\",\"name\":\"Aviso Legal | Data Privacy Solution\",\"isPartOf\":{\"@id\":\"https:\/\/www.dataprivacysolution.com\/#website\"},\"datePublished\":\"2021-12-27T12:46:05+00:00\",\"dateModified\":\"2025-05-26T08:57:35+00:00\",\"breadcrumb\":{\"@id\":\"https:\/\/www.dataprivacysolution.com\/index.php\/aviso-legal\/#breadcrumb\"},\"inLanguage\":\"es\",\"potentialAction\":[{\"@type\":\"ReadAction\",\"target\":[\"https:\/\/www.dataprivacysolution.com\/index.php\/aviso-legal\/\"]}]},{\"@type\":\"BreadcrumbList\",\"@id\":\"https:\/\/www.dataprivacysolution.com\/index.php\/aviso-legal\/#breadcrumb\",\"itemListElement\":[{\"@type\":\"ListItem\",\"position\":1,\"name\":\"Portada\",\"item\":\"https:\/\/www.dataprivacysolution.com\/\"},{\"@type\":\"ListItem\",\"position\":2,\"name\":\"Aviso Legal\"}]}]}<\/script>\n<!-- \/ Yoast SEO plugin. -->","yoast_head_json":{"title":"Aviso Legal | Data Privacy Solution","robots":{"index":"noindex","follow":"follow"},"og_locale":"es_ES","og_type":"article","og_title":"Aviso Legal | Data Privacy Solution","og_description":"LEGALSEC CONSULTING S.L.&nbsp;en cumplimiento de la Ley 34\/2002, de 11 de julio, de Servicios de la Sociedad de la Informaci\u00f3n y de Comercio Electr\u00f3nico (LSSI), informa que: 1. www.dataprivacysolution.com, es una web titularidad de&nbsp;LEGALSEC CONSULTING S.L., con domicilio en Calle Doctor Fleming 35, 1\u00baD, CP 28036 (Madrid) Espa\u00f1a, y C.I.F: B-87850657. Para comunicarse con nosotros,...","og_url":"https:\/\/www.dataprivacysolution.com\/index.php\/aviso-legal\/","og_site_name":"Data Privacy Solution","article_modified_time":"2025-05-26T08:57:35+00:00","twitter_card":"summary_large_image","twitter_misc":{"Tiempo de lectura":"5 minutos"},"schema":{"@context":"https:\/\/schema.org","@graph":[{"@type":"Organization","@id":"https:\/\/www.dataprivacysolution.com\/#organization","name":"Data Privacy Solution","url":"https:\/\/www.dataprivacysolution.com\/","sameAs":[],"logo":{"@type":"ImageObject","@id":"https:\/\/www.dataprivacysolution.com\/#logo","inLanguage":"es","url":"https:\/\/www.dataprivacysolution.com\/wp-content\/uploads\/2021\/06\/1200.png","contentUrl":"https:\/\/www.dataprivacysolution.com\/wp-content\/uploads\/2021\/06\/1200.png","width":1200,"height":1200,"caption":"Data Privacy Solution"},"image":{"@id":"https:\/\/www.dataprivacysolution.com\/#logo"}},{"@type":"WebSite","@id":"https:\/\/www.dataprivacysolution.com\/#website","url":"https:\/\/www.dataprivacysolution.com\/","name":"Data Privacy Solution","description":"Protecci\u00f3n de datos personales para empresas y consultores","publisher":{"@id":"https:\/\/www.dataprivacysolution.com\/#organization"},"potentialAction":[{"@type":"SearchAction","target":{"@type":"EntryPoint","urlTemplate":"https:\/\/www.dataprivacysolution.com\/?s={search_term_string}"},"query-input":"required name=search_term_string"}],"inLanguage":"es"},{"@type":"WebPage","@id":"https:\/\/www.dataprivacysolution.com\/index.php\/aviso-legal\/#webpage","url":"https:\/\/www.dataprivacysolution.com\/index.php\/aviso-legal\/","name":"Aviso Legal | Data Privacy Solution","isPartOf":{"@id":"https:\/\/www.dataprivacysolution.com\/#website"},"datePublished":"2021-12-27T12:46:05+00:00","dateModified":"2025-05-26T08:57:35+00:00","breadcrumb":{"@id":"https:\/\/www.dataprivacysolution.com\/index.php\/aviso-legal\/#breadcrumb"},"inLanguage":"es","potentialAction":[{"@type":"ReadAction","target":["https:\/\/www.dataprivacysolution.com\/index.php\/aviso-legal\/"]}]},{"@type":"BreadcrumbList","@id":"https:\/\/www.dataprivacysolution.com\/index.php\/aviso-legal\/#breadcrumb","itemListElement":[{"@type":"ListItem","position":1,"name":"Portada","item":"https:\/\/www.dataprivacysolution.com\/"},{"@type":"ListItem","position":2,"name":"Aviso Legal"}]}]}},"_links":{"self":[{"href":"https:\/\/www.dataprivacysolution.com\/index.php\/wp-json\/wp\/v2\/pages\/251"}],"collection":[{"href":"https:\/\/www.dataprivacysolution.com\/index.php\/wp-json\/wp\/v2\/pages"}],"about":[{"href":"https:\/\/www.dataprivacysolution.com\/index.php\/wp-json\/wp\/v2\/types\/page"}],"author":[{"embeddable":true,"href":"https:\/\/www.dataprivacysolution.com\/index.php\/wp-json\/wp\/v2\/users\/1"}],"replies":[{"embeddable":true,"href":"https:\/\/www.dataprivacysolution.com\/index.php\/wp-json\/wp\/v2\/comments?post=251"}],"version-history":[{"count":2,"href":"https:\/\/www.dataprivacysolution.com\/index.php\/wp-json\/wp\/v2\/pages\/251\/revisions"}],"predecessor-version":[{"id":703,"href":"https:\/\/www.dataprivacysolution.com\/index.php\/wp-json\/wp\/v2\/pages\/251\/revisions\/703"}],"wp:attachment":[{"href":"https:\/\/www.dataprivacysolution.com\/index.php\/wp-json\/wp\/v2\/media?parent=251"}],"curies":[{"name":"wp","href":"https:\/\/api.w.org\/{rel}","templated":true}]}}