{"id":255,"date":"2021-12-27T12:52:58","date_gmt":"2021-12-27T12:52:58","guid":{"rendered":"https:\/\/www.dataprivacysolution.com\/wp\/wordpress\/?page_id=255"},"modified":"2025-05-26T12:04:17","modified_gmt":"2025-05-26T12:04:17","slug":"politica-de-cookies","status":"publish","type":"page","link":"https:\/\/www.dataprivacysolution.com\/index.php\/politica-de-cookies\/","title":{"rendered":"Pol\u00edtica de Cookies"},"content":{"rendered":"\n<p>La p\u00e1gina web de&nbsp;<em>LEGALSEC CONSULTING S.L.<\/em>, utiliza cookies cuando un usuario navega por la misma. Si lo deseas puedes aceptarlas o rechazarlas a trav\u00e9s de los botones correspondientes o configurar tus preferencias.<\/p>\n\n\n\n<p><em>LEGALSEC CONSULTING S.L.<\/em>, en cumplimiento de lo previsto en el art\u00edculo 22.2 de la Ley 34\/2002, de 11 de julio, de servicios de la sociedad de la informaci\u00f3n y de comercio electr\u00f3nico (LSSICE), modificada por el Real Decreto-Ley 13\/2012, de 30 de marzo, que traspone al ordenamiento jur\u00eddico espa\u00f1ol la Directiva 2002\/58\/CE, relativa al tratamiento de los datos personales y a la protecci\u00f3n de la intimidad en el sector de las comunicaciones electr\u00f3nicas, le informa lo siguiente:<\/p>\n\n\n\n<h2 class=\"wp-block-heading\">I. Definici\u00f3n y funci\u00f3n de las cookies<\/h2>\n\n\n\n<p>\u00bfQu\u00e9 son las cookies? Una cookie es un fichero que se descarga en tu ordenador o terminal al acceder a nuestra p\u00e1gina web. Las cookies nos permiten, entre otras cosas, almacenar y recuperar informaci\u00f3n sobre los h\u00e1bitos de navegaci\u00f3n de un usuario o de su equipo y, dependiendo de la informaci\u00f3n que contengan y de la forma en que utilice su equipo, pueden utilizarse para reconocer al usuario.<\/p>\n\n\n\n<h2 class=\"wp-block-heading\">II. \u00bfQu\u00e9 tipos de cookies utiliza nuestra p\u00e1gina web?<\/h2>\n\n\n\n<p>Los tipos de cookies que utiliza esta p\u00e1gina web son los siguientes:<\/p>\n\n\n\n<p>&#8211; Cookies propias: Son aqu\u00e9llas que enviamos a tu ordenador o terminal desde nuestra p\u00e1gina web.<\/p>\n\n\n\n<p>&#8211; Cookies de tercero: Son aqu\u00e9llas que se env\u00edan a tu ordenador o terminal desde un dominio o una p\u00e1gina web que no es gestionada por nosotros, sino por otra entidad que trata los datos obtenidos trav\u00e9s de las cookies.<\/p>\n\n\n\n<p>&#8211; Cookies de sesi\u00f3n: Son un tipo de cookies dise\u00f1adas para recabar y almacenar datos mientras accedes a nuestra web.<\/p>\n\n\n\n<p>&#8211; Cookies persistentes: Son un tipo de cookies en el que los datos siguen almacenados en el terminal y pueden ser accedidos y tratados durante un periodo determinado de tiempo, y que puede ir de unos minutos a varios a\u00f1os.<\/p>\n\n\n\n<p>&#8211; Cookies de an\u00e1lisis: Son aqu\u00e9llas que bien tratadas por nosotros o por terceros, nos permiten cuantificar el n\u00famero de usuarios y realizar la medici\u00f3n y an\u00e1lisis estad\u00edstico de la utilizaci\u00f3n que hacen los usuarios de nuestra web. Para ello analizamos la navegaci\u00f3n en nuestra p\u00e1gina web con el fin de mejorar la oferta de productos o servicios que ofrecemos.<\/p>\n\n\n\n<h2 class=\"wp-block-heading\">III. Administraci\u00f3n de las cookies<\/h2>\n\n\n\n<p>Usted como usuario puede permitir, bloquear o eliminar las cookies instaladas en su ordenador mediante la configuraci\u00f3n de las opciones del navegador instalado en su ordenador. Para su comodidad, a continuaci\u00f3n encontrar\u00e1 informaci\u00f3n proporcionada por los desarrolladores de los principales navegadores sobre la gesti\u00f3n de cookies:<\/p>\n\n\n\n<ul>\n<li><a href=\"https:\/\/support.google.com\/chrome\/answer\/95647?hl=es\">Chrome<\/a><\/li>\n\n\n\n<li><a href=\"https:\/\/support.microsoft.com\/es-es\/windows\/administrar-cookies-en-microsoft-edge-ver-permitir-bloquear-eliminar-y-usar-168dab11-0753-043d-7c16-ede5947fc64d\">Explorer<\/a><\/li>\n\n\n\n<li><a href=\"https:\/\/support.mozilla.org\/es\/kb\/habilitar-y-deshabilitar-cookies-sitios-web-rastrear-preferencias\">Mozilla<\/a><\/li>\n\n\n\n<li><a href=\"https:\/\/support.apple.com\/es-es\/guide\/safari\/sfri11471\/mac\">Safari<\/a><\/li>\n\n\n\n<li><a href=\"https:\/\/help.opera.com\/en\/latest\/web-preferences\/#cookies\">Opera<\/a><\/li>\n<\/ul>\n\n\n\n<p>En caso de desactivar las cookies, es posible que no pueda hacer uso de todas las funcionalidades de la web.<\/p>\n\n\n\n<h2 class=\"wp-block-heading\">IV. Empresas colaboradoras<\/h2>\n\n\n\n<p>En concreto, el \u00fanico prestador de servicios con el que hemos contratado alg\u00fan servicio para el que es necesaria la utilizaci\u00f3n de cookies es Google.&nbsp;<em>LEGALSEC CONSULTING S.L.<\/em>, en relaci\u00f3n a las cookies de terceros, \u00fanicamente utiliza Google Analytics, para los an\u00e1lisis de diversos aspectos an\u00f3nimos de visitas de los usuarios a nuestro sitio web. Dicha cookie incluye las p\u00e1ginas visitadas, el tiempo pasado en la p\u00e1gina, la versi\u00f3n del navegador utilizado, la fecha y la hora, cuyas caracter\u00edsticas se detallan a continuaci\u00f3n:<\/p>\n\n\n\n<p>Relaci\u00f3n de cookies que utiliza el dominio \u00abwww.dataprivacysolution.com\u00bb:<\/p>\n\n\n\n<figure class=\"wp-block-table\"><table><thead><tr><th>Cookie ID<\/th><th>Nombre de la Cookie<\/th><th>Finalidad de la Cookie<\/th><th>Descripci\u00f3n<\/th><th>Tiempo de caducidad (expiraci\u00f3n)<\/th><th>Desactivaci\u00f3n de la Cookie<\/th><\/tr><\/thead><tbody><tr><td>__utma Secure:NO<br>HttpOnly: NO<\/td><td>Google Analitics<\/td><td>Esta cookie se utiliza para determinar visitantes \u00fanicos a su sitio y se actualiza con cada visita a una p\u00e1gina. \u00c9sta cookie se proporciona con un identificador \u00fanico que Google Analytics utiliza con objeto de asegurar la validez y la accesibilidad de la cookie como una medida de seguridad extra.El principal prop\u00f3sito es el \u00abrendimiento\u00bb.<\/td><td>Esta cookie ha de estar fijada de forma obligatoria para el correcto funcionamiento de Google Analytics, y se trata de una cookie persistente que caduca a los 2 a\u00f1os.<\/td><td>Tiempo de expiraci\u00f3n por defecto: 2 a\u00f1os desde inicio de sesi\u00f3n.<\/td><td>Mediante la configuraci\u00f3n del navegador<\/td><\/tr><\/tbody><\/table><\/figure>\n\n\n\n<p>Si desea tener m\u00e1s informaci\u00f3n sobre para qu\u00e9 van a ser usadas estas cookies pulse aqu\u00ed:\u00a0<a href=\"https:\/\/marketingplatform.google.com\/about\/\">https:\/\/marketingplatform.google.com\/about\/<\/a><\/p>\n\n\n\n<h2 class=\"wp-block-heading\">V. Actualizaciones y cambios en la pol\u00edtica de cookies<\/h2>\n\n\n\n<p><em>LEGALSEC CONSULTING S.L.<\/em>&nbsp;podr\u00e1 modificar esta Pol\u00edtica de Cookies en funci\u00f3n de exigencias legislativas, por ello se aconseja a los usuarios que visiten a de manera peri\u00f3dica la presente pol\u00edtica.<\/p>\n","protected":false},"excerpt":{"rendered":"<p>La p\u00e1gina web de&nbsp;LEGALSEC CONSULTING S.L., utiliza cookies cuando un usuario navega por la misma. Si lo deseas puedes aceptarlas o rechazarlas a trav\u00e9s de los botones correspondientes o configurar tus preferencias. LEGALSEC CONSULTING S.L., en cumplimiento de lo previsto en el art\u00edculo 22.2 de la Ley 34\/2002, de 11 de julio, de servicios de&#8230;<\/p>\n","protected":false},"author":1,"featured_media":0,"parent":0,"menu_order":0,"comment_status":"closed","ping_status":"closed","template":"","meta":[],"yoast_head":"<!-- This site is optimized with the Yoast SEO plugin v18.2 - https:\/\/yoast.com\/wordpress\/plugins\/seo\/ -->\n<title>Pol\u00edtica de Cookies | Data Privacy Solution<\/title>\n<meta name=\"description\" content=\"Conoce la Pol\u00edtica de cookies. Entra y lee la Pol\u00edtica de cookies de Data privacy Solution\" \/>\n<meta name=\"robots\" content=\"noindex, follow\" \/>\n<meta property=\"og:locale\" content=\"es_ES\" \/>\n<meta property=\"og:type\" content=\"article\" \/>\n<meta property=\"og:title\" content=\"Pol\u00edtica de Cookies | Data Privacy Solution\" \/>\n<meta property=\"og:description\" content=\"Conoce la Pol\u00edtica de cookies. Entra y lee la Pol\u00edtica de cookies de Data privacy Solution\" \/>\n<meta property=\"og:url\" content=\"https:\/\/www.dataprivacysolution.com\/index.php\/politica-de-cookies\/\" \/>\n<meta property=\"og:site_name\" content=\"Data Privacy Solution\" \/>\n<meta property=\"article:modified_time\" content=\"2025-05-26T12:04:17+00:00\" \/>\n<meta name=\"twitter:card\" content=\"summary_large_image\" \/>\n<meta name=\"twitter:label1\" content=\"Tiempo de lectura\" \/>\n\t<meta name=\"twitter:data1\" content=\"4 minutos\" \/>\n<script type=\"application\/ld+json\" class=\"yoast-schema-graph\">{\"@context\":\"https:\/\/schema.org\",\"@graph\":[{\"@type\":\"Organization\",\"@id\":\"https:\/\/www.dataprivacysolution.com\/#organization\",\"name\":\"Data Privacy Solution\",\"url\":\"https:\/\/www.dataprivacysolution.com\/\",\"sameAs\":[],\"logo\":{\"@type\":\"ImageObject\",\"@id\":\"https:\/\/www.dataprivacysolution.com\/#logo\",\"inLanguage\":\"es\",\"url\":\"https:\/\/www.dataprivacysolution.com\/wp-content\/uploads\/2021\/06\/1200.png\",\"contentUrl\":\"https:\/\/www.dataprivacysolution.com\/wp-content\/uploads\/2021\/06\/1200.png\",\"width\":1200,\"height\":1200,\"caption\":\"Data Privacy Solution\"},\"image\":{\"@id\":\"https:\/\/www.dataprivacysolution.com\/#logo\"}},{\"@type\":\"WebSite\",\"@id\":\"https:\/\/www.dataprivacysolution.com\/#website\",\"url\":\"https:\/\/www.dataprivacysolution.com\/\",\"name\":\"Data Privacy Solution\",\"description\":\"Protecci\u00f3n de datos personales para empresas y consultores\",\"publisher\":{\"@id\":\"https:\/\/www.dataprivacysolution.com\/#organization\"},\"potentialAction\":[{\"@type\":\"SearchAction\",\"target\":{\"@type\":\"EntryPoint\",\"urlTemplate\":\"https:\/\/www.dataprivacysolution.com\/?s={search_term_string}\"},\"query-input\":\"required name=search_term_string\"}],\"inLanguage\":\"es\"},{\"@type\":\"WebPage\",\"@id\":\"https:\/\/www.dataprivacysolution.com\/index.php\/politica-de-cookies\/#webpage\",\"url\":\"https:\/\/www.dataprivacysolution.com\/index.php\/politica-de-cookies\/\",\"name\":\"Pol\u00edtica de Cookies | Data Privacy Solution\",\"isPartOf\":{\"@id\":\"https:\/\/www.dataprivacysolution.com\/#website\"},\"datePublished\":\"2021-12-27T12:52:58+00:00\",\"dateModified\":\"2025-05-26T12:04:17+00:00\",\"description\":\"Conoce la Pol\u00edtica de cookies. Entra y lee la Pol\u00edtica de cookies de Data privacy Solution\",\"breadcrumb\":{\"@id\":\"https:\/\/www.dataprivacysolution.com\/index.php\/politica-de-cookies\/#breadcrumb\"},\"inLanguage\":\"es\",\"potentialAction\":[{\"@type\":\"ReadAction\",\"target\":[\"https:\/\/www.dataprivacysolution.com\/index.php\/politica-de-cookies\/\"]}]},{\"@type\":\"BreadcrumbList\",\"@id\":\"https:\/\/www.dataprivacysolution.com\/index.php\/politica-de-cookies\/#breadcrumb\",\"itemListElement\":[{\"@type\":\"ListItem\",\"position\":1,\"name\":\"Portada\",\"item\":\"https:\/\/www.dataprivacysolution.com\/\"},{\"@type\":\"ListItem\",\"position\":2,\"name\":\"Pol\u00edtica de Cookies\"}]}]}<\/script>\n<!-- \/ Yoast SEO plugin. -->","yoast_head_json":{"title":"Pol\u00edtica de Cookies | Data Privacy Solution","description":"Conoce la Pol\u00edtica de cookies. Entra y lee la Pol\u00edtica de cookies de Data privacy Solution","robots":{"index":"noindex","follow":"follow"},"og_locale":"es_ES","og_type":"article","og_title":"Pol\u00edtica de Cookies | Data Privacy Solution","og_description":"Conoce la Pol\u00edtica de cookies. Entra y lee la Pol\u00edtica de cookies de Data privacy Solution","og_url":"https:\/\/www.dataprivacysolution.com\/index.php\/politica-de-cookies\/","og_site_name":"Data Privacy Solution","article_modified_time":"2025-05-26T12:04:17+00:00","twitter_card":"summary_large_image","twitter_misc":{"Tiempo de lectura":"4 minutos"},"schema":{"@context":"https:\/\/schema.org","@graph":[{"@type":"Organization","@id":"https:\/\/www.dataprivacysolution.com\/#organization","name":"Data Privacy Solution","url":"https:\/\/www.dataprivacysolution.com\/","sameAs":[],"logo":{"@type":"ImageObject","@id":"https:\/\/www.dataprivacysolution.com\/#logo","inLanguage":"es","url":"https:\/\/www.dataprivacysolution.com\/wp-content\/uploads\/2021\/06\/1200.png","contentUrl":"https:\/\/www.dataprivacysolution.com\/wp-content\/uploads\/2021\/06\/1200.png","width":1200,"height":1200,"caption":"Data Privacy Solution"},"image":{"@id":"https:\/\/www.dataprivacysolution.com\/#logo"}},{"@type":"WebSite","@id":"https:\/\/www.dataprivacysolution.com\/#website","url":"https:\/\/www.dataprivacysolution.com\/","name":"Data Privacy Solution","description":"Protecci\u00f3n de datos personales para empresas y consultores","publisher":{"@id":"https:\/\/www.dataprivacysolution.com\/#organization"},"potentialAction":[{"@type":"SearchAction","target":{"@type":"EntryPoint","urlTemplate":"https:\/\/www.dataprivacysolution.com\/?s={search_term_string}"},"query-input":"required name=search_term_string"}],"inLanguage":"es"},{"@type":"WebPage","@id":"https:\/\/www.dataprivacysolution.com\/index.php\/politica-de-cookies\/#webpage","url":"https:\/\/www.dataprivacysolution.com\/index.php\/politica-de-cookies\/","name":"Pol\u00edtica de Cookies | Data Privacy Solution","isPartOf":{"@id":"https:\/\/www.dataprivacysolution.com\/#website"},"datePublished":"2021-12-27T12:52:58+00:00","dateModified":"2025-05-26T12:04:17+00:00","description":"Conoce la Pol\u00edtica de cookies. Entra y lee la Pol\u00edtica de cookies de Data privacy Solution","breadcrumb":{"@id":"https:\/\/www.dataprivacysolution.com\/index.php\/politica-de-cookies\/#breadcrumb"},"inLanguage":"es","potentialAction":[{"@type":"ReadAction","target":["https:\/\/www.dataprivacysolution.com\/index.php\/politica-de-cookies\/"]}]},{"@type":"BreadcrumbList","@id":"https:\/\/www.dataprivacysolution.com\/index.php\/politica-de-cookies\/#breadcrumb","itemListElement":[{"@type":"ListItem","position":1,"name":"Portada","item":"https:\/\/www.dataprivacysolution.com\/"},{"@type":"ListItem","position":2,"name":"Pol\u00edtica de Cookies"}]}]}},"_links":{"self":[{"href":"https:\/\/www.dataprivacysolution.com\/index.php\/wp-json\/wp\/v2\/pages\/255"}],"collection":[{"href":"https:\/\/www.dataprivacysolution.com\/index.php\/wp-json\/wp\/v2\/pages"}],"about":[{"href":"https:\/\/www.dataprivacysolution.com\/index.php\/wp-json\/wp\/v2\/types\/page"}],"author":[{"embeddable":true,"href":"https:\/\/www.dataprivacysolution.com\/index.php\/wp-json\/wp\/v2\/users\/1"}],"replies":[{"embeddable":true,"href":"https:\/\/www.dataprivacysolution.com\/index.php\/wp-json\/wp\/v2\/comments?post=255"}],"version-history":[{"count":4,"href":"https:\/\/www.dataprivacysolution.com\/index.php\/wp-json\/wp\/v2\/pages\/255\/revisions"}],"predecessor-version":[{"id":727,"href":"https:\/\/www.dataprivacysolution.com\/index.php\/wp-json\/wp\/v2\/pages\/255\/revisions\/727"}],"wp:attachment":[{"href":"https:\/\/www.dataprivacysolution.com\/index.php\/wp-json\/wp\/v2\/media?parent=255"}],"curies":[{"name":"wp","href":"https:\/\/api.w.org\/{rel}","templated":true}]}}