{"id":405,"date":"2022-01-01T18:36:06","date_gmt":"2022-01-01T18:36:06","guid":{"rendered":"https:\/\/www.dataprivacysolution.com\/wp\/wordpress\/?page_id=405"},"modified":"2025-05-26T12:34:19","modified_gmt":"2025-05-26T12:34:19","slug":"solicitar-informacion","status":"publish","type":"page","link":"https:\/\/www.dataprivacysolution.com\/index.php\/solicitar-informacion\/","title":{"rendered":"Solicita informaci\u00f3n"},"content":{"rendered":"\n<div class=\"wp-block-contact-form-7-contact-form-selector\"><div role=\"form\" class=\"wpcf7\" id=\"wpcf7-f404-o1\" lang=\"es-ES\" dir=\"ltr\">\n<div class=\"screen-reader-response\"><p role=\"status\" aria-live=\"polite\" aria-atomic=\"true\"><\/p> <ul><\/ul><\/div>\n<form action=\"\/index.php\/wp-json\/wp\/v2\/pages\/405#wpcf7-f404-o1\" method=\"post\" class=\"wpcf7-form init\" novalidate=\"novalidate\" data-status=\"init\">\n<div style=\"display: none;\">\n<input type=\"hidden\" name=\"_wpcf7\" value=\"404\" \/>\n<input type=\"hidden\" name=\"_wpcf7_version\" value=\"5.5.6\" \/>\n<input type=\"hidden\" name=\"_wpcf7_locale\" value=\"es_ES\" \/>\n<input type=\"hidden\" name=\"_wpcf7_unit_tag\" value=\"wpcf7-f404-o1\" \/>\n<input type=\"hidden\" name=\"_wpcf7_container_post\" value=\"0\" \/>\n<input type=\"hidden\" name=\"_wpcf7_posted_data_hash\" value=\"\" \/>\n<input type=\"hidden\" name=\"_wpcf7_recaptcha_response\" value=\"\" \/>\n<\/div>\n<div id=\"responsive-form\" class=\"clearfix\">\nContacta con nosotros y te ayudaremos.<br\/><br \/>\n<i class=\"fa fa-phone\"><\/i> (+34) 910 059 322<br\/><br \/>\n<i class=\"fa fa-at\"><\/i> info@dataprivacysolution.com<\/p>\n<div class=\"form-row\">\n<div class=\"column-half\"><label> Nombre* <span class=\"wpcf7-form-control-wrap your-name\"><input type=\"text\" name=\"your-name\" value=\"\" size=\"40\" class=\"wpcf7-form-control wpcf7-text wpcf7-validates-as-required\" id=\"your-name\" aria-required=\"true\" aria-invalid=\"false\" \/><\/span> <\/label><\/div>\n<div class=\"column-half\"><label> Email* <span class=\"wpcf7-form-control-wrap your-email\"><input type=\"email\" name=\"your-email\" value=\"\" size=\"40\" class=\"wpcf7-form-control wpcf7-text wpcf7-email wpcf7-validates-as-required wpcf7-validates-as-email\" id=\"your-email\" aria-required=\"true\" aria-invalid=\"false\" \/><\/span> <\/label><\/div>\n<\/div>\n<div class=\"form-row\">\n<div class=\"column-half\"><label> Empresa o instituci\u00f3n <span class=\"wpcf7-form-control-wrap your-company\"><input type=\"text\" name=\"your-company\" value=\"\" size=\"40\" class=\"wpcf7-form-control wpcf7-text\" id=\"your-company\" aria-invalid=\"false\" \/><\/span> <\/label><\/div>\n<div class=\"column-half\"><label> Tel\u00e9fono <span class=\"wpcf7-form-control-wrap tel-phone\"><input type=\"tel\" name=\"tel-phone\" value=\"\" size=\"40\" class=\"wpcf7-form-control wpcf7-text wpcf7-tel wpcf7-validates-as-tel\" id=\"tel-phone\" aria-invalid=\"false\" \/><\/span> <\/label><\/div>\n<\/div>\n<div class=\"form-row\">\n<div class=\"column-full\"><label> Consulta <span class=\"wpcf7-form-control-wrap your-message\"><textarea name=\"your-message\" cols=\"40\" rows=\"2\" maxlength=\"200\" class=\"wpcf7-form-control wpcf7-textarea\" aria-invalid=\"false\"><\/textarea><\/span> <\/label><\/div>\n<\/div>\n<div class=\"form-row\">\n<div class=\"column-full privacy\">\n<strong>Aviso de privacidad<\/strong><br \/>\nLos datos facilitados en este formulario, quedar\u00e1n registrados en un fichero titularidad de LEGALSEC CONSULTING S.L. con la finalidad de contactar a los fines de mostrarles la demo de la aplicaci\u00f3n, y dar respuestas a los usuarios que as\u00ed lo soliciten para gestionar sus preguntas, dudas o sugerencias. Podr\u00e1s ejercitar los derechos de acceso, rectificaci\u00f3n, supresi\u00f3n, limitaci\u00f3n, portabilidad de los datos y oposici\u00f3n, reconocidos por el RGPD, en cualquier momento y de forma gratuita, presencialmente o mediante comunicaci\u00f3n por correo postal, dirigida a LEGALSEC CONSULTING S.L., con domicilio en Calle Doctor Fleming N\u00ba35, 1\u00baD, CP 28036 (Madrid) Espa\u00f1a, o mediante comunicaci\u00f3n al correo electr\u00f3nico: info@dataprivacysolution.com, Referencia: Protecci\u00f3n de Datos de Car\u00e1cter Personal. Para m\u00e1s informaci\u00f3n sobre como tratamos tus datos, visita nuestra \"Pol\u00edtica de Privacidad\".<\/div>\n<p><span class=\"wpcf7-form-control-wrap your-consent\"><span class=\"wpcf7-form-control wpcf7-acceptance\"><span class=\"wpcf7-list-item\"><label><input type=\"checkbox\" name=\"your-consent\" value=\"1\" aria-invalid=\"false\" id=\"your-consent\" \/><span class=\"wpcf7-list-item-label\">He le\u00eddo y acepto el \"Aviso de Privacidad\" y la \"Pol\u00edtica de Privacidad\" de LEGALSEC CONSULTING S.L.<\/span><\/label><\/span><\/span><\/span><\/p>\n<div class=\"column-full\"><input type=\"submit\" value=\"Enviar\" class=\"wpcf7-form-control has-spinner wpcf7-submit\" \/><\/div>\n<\/div>\n<\/div>\n<div class=\"wpcf7-response-output\" aria-hidden=\"true\"><\/div><\/form><\/div><\/div>\n","protected":false},"excerpt":{"rendered":"","protected":false},"author":1,"featured_media":0,"parent":0,"menu_order":0,"comment_status":"closed","ping_status":"closed","template":"","meta":[],"yoast_head":"<!-- This site is optimized with the Yoast SEO plugin v18.2 - https:\/\/yoast.com\/wordpress\/plugins\/seo\/ -->\n<title>Solicita informaci\u00f3n | Data Privacy Solution<\/title>\n<meta name=\"description\" content=\"Ponte en contacto con nuestros expertos en privacidad para dar respuesta a tus dudas ofrecerte un servicio personalizado. Evaluaci\u00f3n de riesgo\" \/>\n<meta name=\"robots\" content=\"noindex, follow\" \/>\n<meta property=\"og:locale\" content=\"es_ES\" \/>\n<meta property=\"og:type\" content=\"article\" \/>\n<meta property=\"og:title\" content=\"Servicio de consultor\u00eda y asistencia legal\" \/>\n<meta property=\"og:description\" content=\"Ponte en contacto con nuestros expertos en privacidad para dar respuesta a tus dudas ofrecerte un servicio personalizado. Evaluaci\u00f3n de riesgo\" \/>\n<meta property=\"og:url\" content=\"https:\/\/www.dataprivacysolution.com\/index.php\/solicitar-informacion\/\" \/>\n<meta property=\"og:site_name\" content=\"Data Privacy Solution\" \/>\n<meta property=\"article:modified_time\" content=\"2025-05-26T12:34:19+00:00\" \/>\n<meta property=\"og:image\" content=\"https:\/\/www.dataprivacysolution.com\/wp-content\/uploads\/2022\/03\/consultoria-y-asistencia-legal.jpg\" \/>\n\t<meta property=\"og:image:width\" content=\"1000\" \/>\n\t<meta property=\"og:image:height\" content=\"667\" \/>\n\t<meta property=\"og:image:type\" content=\"image\/jpeg\" \/>\n<meta name=\"twitter:card\" content=\"summary_large_image\" \/>\n<meta name=\"twitter:title\" content=\"Servicio de consultor\u00eda y asistencia legal\" \/>\n<meta name=\"twitter:description\" content=\"Ponte en contacto con nuestros expertos en privacidad para dar respuesta a tus dudas ofrecerte un servicio personalizado. Evaluaci\u00f3n de riesgo\" \/>\n<meta name=\"twitter:image\" content=\"https:\/\/www.dataprivacysolution.com\/wp-content\/uploads\/2022\/03\/consultoria-y-asistencia-legal.jpg\" \/>\n<meta name=\"twitter:label1\" content=\"Tiempo de lectura\" \/>\n\t<meta name=\"twitter:data1\" content=\"1 minuto\" \/>\n<script type=\"application\/ld+json\" class=\"yoast-schema-graph\">{\"@context\":\"https:\/\/schema.org\",\"@graph\":[{\"@type\":\"Organization\",\"@id\":\"https:\/\/www.dataprivacysolution.com\/#organization\",\"name\":\"Data Privacy Solution\",\"url\":\"https:\/\/www.dataprivacysolution.com\/\",\"sameAs\":[],\"logo\":{\"@type\":\"ImageObject\",\"@id\":\"https:\/\/www.dataprivacysolution.com\/#logo\",\"inLanguage\":\"es\",\"url\":\"https:\/\/www.dataprivacysolution.com\/wp-content\/uploads\/2021\/06\/1200.png\",\"contentUrl\":\"https:\/\/www.dataprivacysolution.com\/wp-content\/uploads\/2021\/06\/1200.png\",\"width\":1200,\"height\":1200,\"caption\":\"Data Privacy Solution\"},\"image\":{\"@id\":\"https:\/\/www.dataprivacysolution.com\/#logo\"}},{\"@type\":\"WebSite\",\"@id\":\"https:\/\/www.dataprivacysolution.com\/#website\",\"url\":\"https:\/\/www.dataprivacysolution.com\/\",\"name\":\"Data Privacy Solution\",\"description\":\"Protecci\u00f3n de datos personales para empresas y consultores\",\"publisher\":{\"@id\":\"https:\/\/www.dataprivacysolution.com\/#organization\"},\"potentialAction\":[{\"@type\":\"SearchAction\",\"target\":{\"@type\":\"EntryPoint\",\"urlTemplate\":\"https:\/\/www.dataprivacysolution.com\/?s={search_term_string}\"},\"query-input\":\"required name=search_term_string\"}],\"inLanguage\":\"es\"},{\"@type\":\"ImageObject\",\"@id\":\"https:\/\/www.dataprivacysolution.com\/index.php\/solicitar-informacion\/#primaryimage\",\"inLanguage\":\"es\",\"url\":\"https:\/\/www.dataprivacysolution.com\/wp-content\/uploads\/2022\/03\/consultoria-y-asistencia-legal.jpg\",\"contentUrl\":\"https:\/\/www.dataprivacysolution.com\/wp-content\/uploads\/2022\/03\/consultoria-y-asistencia-legal.jpg\",\"width\":1000,\"height\":667,\"caption\":\"Servicio de Consultor\u00eda y asistencia legal\"},{\"@type\":\"WebPage\",\"@id\":\"https:\/\/www.dataprivacysolution.com\/index.php\/solicitar-informacion\/#webpage\",\"url\":\"https:\/\/www.dataprivacysolution.com\/index.php\/solicitar-informacion\/\",\"name\":\"Solicita informaci\u00f3n | Data Privacy Solution\",\"isPartOf\":{\"@id\":\"https:\/\/www.dataprivacysolution.com\/#website\"},\"datePublished\":\"2022-01-01T18:36:06+00:00\",\"dateModified\":\"2025-05-26T12:34:19+00:00\",\"description\":\"Ponte en contacto con nuestros expertos en privacidad para dar respuesta a tus dudas ofrecerte un servicio personalizado. Evaluaci\u00f3n de riesgo\",\"breadcrumb\":{\"@id\":\"https:\/\/www.dataprivacysolution.com\/index.php\/solicitar-informacion\/#breadcrumb\"},\"inLanguage\":\"es\",\"potentialAction\":[{\"@type\":\"ReadAction\",\"target\":[\"https:\/\/www.dataprivacysolution.com\/index.php\/solicitar-informacion\/\"]}]},{\"@type\":\"BreadcrumbList\",\"@id\":\"https:\/\/www.dataprivacysolution.com\/index.php\/solicitar-informacion\/#breadcrumb\",\"itemListElement\":[{\"@type\":\"ListItem\",\"position\":1,\"name\":\"Portada\",\"item\":\"https:\/\/www.dataprivacysolution.com\/\"},{\"@type\":\"ListItem\",\"position\":2,\"name\":\"Solicita informaci\u00f3n\"}]}]}<\/script>\n<!-- \/ Yoast SEO plugin. -->","yoast_head_json":{"title":"Solicita informaci\u00f3n | Data Privacy Solution","description":"Ponte en contacto con nuestros expertos en privacidad para dar respuesta a tus dudas ofrecerte un servicio personalizado. Evaluaci\u00f3n de riesgo","robots":{"index":"noindex","follow":"follow"},"og_locale":"es_ES","og_type":"article","og_title":"Servicio de consultor\u00eda y asistencia legal","og_description":"Ponte en contacto con nuestros expertos en privacidad para dar respuesta a tus dudas ofrecerte un servicio personalizado. Evaluaci\u00f3n de riesgo","og_url":"https:\/\/www.dataprivacysolution.com\/index.php\/solicitar-informacion\/","og_site_name":"Data Privacy Solution","article_modified_time":"2025-05-26T12:34:19+00:00","og_image":[{"width":1000,"height":667,"url":"https:\/\/www.dataprivacysolution.com\/wp-content\/uploads\/2022\/03\/consultoria-y-asistencia-legal.jpg","type":"image\/jpeg"}],"twitter_card":"summary_large_image","twitter_title":"Servicio de consultor\u00eda y asistencia legal","twitter_description":"Ponte en contacto con nuestros expertos en privacidad para dar respuesta a tus dudas ofrecerte un servicio personalizado. Evaluaci\u00f3n de riesgo","twitter_image":"https:\/\/www.dataprivacysolution.com\/wp-content\/uploads\/2022\/03\/consultoria-y-asistencia-legal.jpg","twitter_misc":{"Tiempo de lectura":"1 minuto"},"schema":{"@context":"https:\/\/schema.org","@graph":[{"@type":"Organization","@id":"https:\/\/www.dataprivacysolution.com\/#organization","name":"Data Privacy Solution","url":"https:\/\/www.dataprivacysolution.com\/","sameAs":[],"logo":{"@type":"ImageObject","@id":"https:\/\/www.dataprivacysolution.com\/#logo","inLanguage":"es","url":"https:\/\/www.dataprivacysolution.com\/wp-content\/uploads\/2021\/06\/1200.png","contentUrl":"https:\/\/www.dataprivacysolution.com\/wp-content\/uploads\/2021\/06\/1200.png","width":1200,"height":1200,"caption":"Data Privacy Solution"},"image":{"@id":"https:\/\/www.dataprivacysolution.com\/#logo"}},{"@type":"WebSite","@id":"https:\/\/www.dataprivacysolution.com\/#website","url":"https:\/\/www.dataprivacysolution.com\/","name":"Data Privacy Solution","description":"Protecci\u00f3n de datos personales para empresas y consultores","publisher":{"@id":"https:\/\/www.dataprivacysolution.com\/#organization"},"potentialAction":[{"@type":"SearchAction","target":{"@type":"EntryPoint","urlTemplate":"https:\/\/www.dataprivacysolution.com\/?s={search_term_string}"},"query-input":"required name=search_term_string"}],"inLanguage":"es"},{"@type":"ImageObject","@id":"https:\/\/www.dataprivacysolution.com\/index.php\/solicitar-informacion\/#primaryimage","inLanguage":"es","url":"https:\/\/www.dataprivacysolution.com\/wp-content\/uploads\/2022\/03\/consultoria-y-asistencia-legal.jpg","contentUrl":"https:\/\/www.dataprivacysolution.com\/wp-content\/uploads\/2022\/03\/consultoria-y-asistencia-legal.jpg","width":1000,"height":667,"caption":"Servicio de Consultor\u00eda y asistencia legal"},{"@type":"WebPage","@id":"https:\/\/www.dataprivacysolution.com\/index.php\/solicitar-informacion\/#webpage","url":"https:\/\/www.dataprivacysolution.com\/index.php\/solicitar-informacion\/","name":"Solicita informaci\u00f3n | Data Privacy Solution","isPartOf":{"@id":"https:\/\/www.dataprivacysolution.com\/#website"},"datePublished":"2022-01-01T18:36:06+00:00","dateModified":"2025-05-26T12:34:19+00:00","description":"Ponte en contacto con nuestros expertos en privacidad para dar respuesta a tus dudas ofrecerte un servicio personalizado. Evaluaci\u00f3n de riesgo","breadcrumb":{"@id":"https:\/\/www.dataprivacysolution.com\/index.php\/solicitar-informacion\/#breadcrumb"},"inLanguage":"es","potentialAction":[{"@type":"ReadAction","target":["https:\/\/www.dataprivacysolution.com\/index.php\/solicitar-informacion\/"]}]},{"@type":"BreadcrumbList","@id":"https:\/\/www.dataprivacysolution.com\/index.php\/solicitar-informacion\/#breadcrumb","itemListElement":[{"@type":"ListItem","position":1,"name":"Portada","item":"https:\/\/www.dataprivacysolution.com\/"},{"@type":"ListItem","position":2,"name":"Solicita informaci\u00f3n"}]}]}},"_links":{"self":[{"href":"https:\/\/www.dataprivacysolution.com\/index.php\/wp-json\/wp\/v2\/pages\/405"}],"collection":[{"href":"https:\/\/www.dataprivacysolution.com\/index.php\/wp-json\/wp\/v2\/pages"}],"about":[{"href":"https:\/\/www.dataprivacysolution.com\/index.php\/wp-json\/wp\/v2\/types\/page"}],"author":[{"embeddable":true,"href":"https:\/\/www.dataprivacysolution.com\/index.php\/wp-json\/wp\/v2\/users\/1"}],"replies":[{"embeddable":true,"href":"https:\/\/www.dataprivacysolution.com\/index.php\/wp-json\/wp\/v2\/comments?post=405"}],"version-history":[{"count":5,"href":"https:\/\/www.dataprivacysolution.com\/index.php\/wp-json\/wp\/v2\/pages\/405\/revisions"}],"predecessor-version":[{"id":746,"href":"https:\/\/www.dataprivacysolution.com\/index.php\/wp-json\/wp\/v2\/pages\/405\/revisions\/746"}],"wp:attachment":[{"href":"https:\/\/www.dataprivacysolution.com\/index.php\/wp-json\/wp\/v2\/media?parent=405"}],"curies":[{"name":"wp","href":"https:\/\/api.w.org\/{rel}","templated":true}]}}