{"id":457,"date":"2022-01-09T17:56:24","date_gmt":"2022-01-09T17:56:24","guid":{"rendered":"https:\/\/www.dataprivacysolution.com\/wp\/wordpress\/?page_id=457"},"modified":"2023-08-19T14:47:06","modified_gmt":"2023-08-19T14:47:06","slug":"garantiza-el-cumplimiento-del-rgpd-y-lopdgdd","status":"publish","type":"page","link":"https:\/\/www.dataprivacysolution.com\/index.php\/garantiza-el-cumplimiento-del-rgpd-y-lopdgdd\/","title":{"rendered":"Garantiza el cumplimiento del RGPD y LOPDGDD"},"content":{"rendered":"\n<div class=\"wp-block-columns is-layout-flex wp-container-3\">\n<div class=\"wp-block-column is-vertically-aligned-center is-layout-flow\">\n<h3 class=\"wp-block-heading justify-text\">Desde el&nbsp;25 de mayo de 2018&nbsp;es obligatorio el cumplimiento del Reglamento Europeo de Protecci\u00f3n de Datos (RGPD), para todos los estados miembros de la UE.<br>Este Reglamento garantiza un nuevo marco normativo s\u00f3lido y coherente para la protecci\u00f3n de las personas f\u00edsicas, en los que respecta al tratamiento de los datos personales y a la libre circulaci\u00f3n de estos datos entre los Estados miembros.<br>En Espa\u00f1a, las disposiciones del RGPD se desarrollan en la nueva Ley Org\u00e1nica 3\/2018, de 5 de diciembre, de Protecci\u00f3n de Datos Personales y garant\u00eda de los derechos digitales (LOPDGDD), publicado el pasado 6 de diciembre de 2018 en el BOE que adapta la normativa espa\u00f1ola a la nueva regulaci\u00f3n europea. <\/h3>\n<\/div>\n\n\n\n<div class=\"wp-block-column is-vertically-aligned-center is-layout-flow\"><div class=\"wp-block-image\">\n<figure class=\"aligncenter size-large is-resized\"><img decoding=\"async\" loading=\"lazy\" src=\"https:\/\/www.dataprivacysolution.com\/wp\/wordpress\/wp-content\/uploads\/2021\/06\/tratamiento_original-1024x704.jpeg\" alt=\"CONTROL DEL FLUJO DE LOS DATOS EN SUS DIFERENTES FASES\" class=\"wp-image-56\" width=\"424\" height=\"291\" srcset=\"https:\/\/www.dataprivacysolution.com\/wp-content\/uploads\/2021\/06\/tratamiento_original-1024x704.jpeg 1024w, https:\/\/www.dataprivacysolution.com\/wp-content\/uploads\/2021\/06\/tratamiento_original-300x206.jpeg 300w, https:\/\/www.dataprivacysolution.com\/wp-content\/uploads\/2021\/06\/tratamiento_original-768x528.jpeg 768w, https:\/\/www.dataprivacysolution.com\/wp-content\/uploads\/2021\/06\/tratamiento_original-1536x1055.jpeg 1536w, https:\/\/www.dataprivacysolution.com\/wp-content\/uploads\/2021\/06\/tratamiento_original-2048x1407.jpeg 2048w\" sizes=\"(max-width: 424px) 100vw, 424px\" \/><\/figure><\/div><\/div>\n<\/div>\n\n\n\n<p class=\"justify-text\">Entre los objetivos del Reglamento podemos destacar la homogenizaci\u00f3n de la legislaci\u00f3n en los Estados miembros, de cara a alcanzar los fines del mercado \u00fanico digital, as\u00ed como mejorar la protecci\u00f3n de los derechos y libertades de las personas f\u00edsicas con respecto al tratamiento de datos personales, exigiendo la adopci\u00f3n de medidas t\u00e9cnicas y organizativas apropiadas.<\/p>\n\n\n\n<p class=\"justify-text\">Dentro de las novedades que establece el reglamento, cabe mencionar las siguientes:<\/p>\n\n\n\n<ul class=\"justify-text\">\n<li>El consentimiento debe realizarse mediante una manifestaci\u00f3n inequ\u00edvoca o una clara acci\u00f3n afirmativa del interesado a la hora de aceptar el tratamiento de los datos de car\u00e1cter personal que le conciernen.<\/li>\n\n\n\n<li>El Reglamento introduce nuevos elementos, como el derecho al olvido y el derecho a la portabilidad, que mejoran la capacidad de decisi\u00f3n y control de los ciudadanos sobre los datos personales que conf\u00edan a terceros.<\/li>\n\n\n\n<li>La obligaci\u00f3n de notificaci\u00f3n de las quiebras o violaciones de seguridad tanto a la autoridad de control competente como al interesado, cuando la misma entra\u00f1e un riesgo para los derechos y libertades de los interesados.<\/li>\n\n\n\n<li>Las multas a imponer por vulneraci\u00f3n del nuevo marco jur\u00eddico podr\u00e1n alcanzar hasta 20 millones de euros, o el 4% del volumen de negocio total anual global.<\/li>\n\n\n\n<li>Se establece la responsabilidad activa: la prevenci\u00f3n por parte de las organizaciones que tratan datos de car\u00e1cter personal.<\/li>\n\n\n\n<li>En cuanto al consentimiento de los menores, el Reglamento establece que los menores podr\u00e1n prestar el consentimiento por s\u00ed mismos a partir de los 16 a\u00f1os (14 a\u00f1os en la LOPDGDD) para el tratamiento de sus datos personales. No obstante, permite a los Estados miembros que sea de aplicaci\u00f3n la edad que tengan consagrada en su ordenamiento interno, siempre que la misma sobrepase los 13 a\u00f1os.<\/li>\n\n\n\n<li>La adopci\u00f3n de medidas que aseguren razonablemente que est\u00e1n en condiciones de cumplir con los principios, derechos y garant\u00edas que el Reglamento establece:\n<ol>\n<li>Protecci\u00f3n de datos desde el dise\u00f1o (privacy by design).<\/li>\n\n\n\n<li>Protecci\u00f3n de datos por defecto (privacy by default).<\/li>\n\n\n\n<li>Mantenimiento de un registro de tratamientos.<\/li>\n\n\n\n<li>Nombramiento de un delegado de protecci\u00f3n de datos (DPO).<\/li>\n\n\n\n<li>Notificaci\u00f3n de violaciones de la seguridad de los datos.<\/li>\n\n\n\n<li>Evaluaciones de impacto para ciertas operaciones de tratamiento que puedan entra\u00f1ar un alto riesgo para los derechos y libertades de las personas f\u00edsicas.<\/li>\n\n\n\n<li>Promoci\u00f3n de c\u00f3digos de conducta y esquemas de certificaci\u00f3n, entre otros.<\/li>\n<\/ol>\n<\/li>\n<\/ul>\n","protected":false},"excerpt":{"rendered":"<p>Desde el&nbsp;25 de mayo de 2018&nbsp;es obligatorio el cumplimiento del Reglamento Europeo de Protecci\u00f3n de Datos (RGPD), para todos los estados miembros de la UE.Este Reglamento garantiza un nuevo marco normativo s\u00f3lido y coherente para la protecci\u00f3n de las personas f\u00edsicas, en los que respecta al tratamiento de los datos personales y a la libre&#8230;<\/p>\n","protected":false},"author":1,"featured_media":0,"parent":0,"menu_order":0,"comment_status":"closed","ping_status":"closed","template":"","meta":[],"yoast_head":"<!-- This site is optimized with the Yoast SEO plugin v18.2 - https:\/\/yoast.com\/wordpress\/plugins\/seo\/ -->\n<title>Garantiza el cumplimiento del RGPD y LOPDGDD | Data Privacy Solution<\/title>\n<meta name=\"description\" content=\"El Software RGPD es una soluci\u00f3n inform\u00e1tica pensada para asegurar el cumplimiento del reglamento general de protecci\u00f3n de datos. Demo Gratis\" \/>\n<meta name=\"robots\" content=\"index, follow, max-snippet:-1, max-image-preview:large, max-video-preview:-1\" \/>\n<link rel=\"canonical\" href=\"https:\/\/www.dataprivacysolution.com\/index.php\/garantiza-el-cumplimiento-del-rgpd-y-lopdgdd\/\" \/>\n<meta property=\"og:locale\" content=\"es_ES\" \/>\n<meta property=\"og:type\" content=\"article\" \/>\n<meta property=\"og:title\" content=\"Garantiza el cumplimiento del RGPD y LOPDGDD\" \/>\n<meta property=\"og:description\" content=\"El Software RGPD es una soluci\u00f3n inform\u00e1tica pensada para asegurar el cumplimiento del reglamento general de protecci\u00f3n de datos. Demo Gratis\" \/>\n<meta property=\"og:url\" content=\"https:\/\/www.dataprivacysolution.com\/index.php\/garantiza-el-cumplimiento-del-rgpd-y-lopdgdd\/\" \/>\n<meta property=\"og:site_name\" content=\"Data Privacy Solution\" \/>\n<meta property=\"article:modified_time\" content=\"2023-08-19T14:47:06+00:00\" \/>\n<meta property=\"og:image\" content=\"https:\/\/www.dataprivacysolution.com\/wp-content\/uploads\/2022\/03\/garantiza-el-cumplimiento-normativo-rgpd.jpg\" \/>\n\t<meta property=\"og:image:width\" content=\"1000\" \/>\n\t<meta property=\"og:image:height\" content=\"667\" \/>\n\t<meta property=\"og:image:type\" content=\"image\/jpeg\" \/>\n<meta name=\"twitter:card\" content=\"summary_large_image\" \/>\n<meta name=\"twitter:title\" content=\"Garantiza el cumplimiento del RGPD y LOPDGDD\" \/>\n<meta name=\"twitter:description\" content=\"El Software RGPD es una soluci\u00f3n inform\u00e1tica pensada para asegurar el cumplimiento del reglamento general de protecci\u00f3n de datos. Demo Gratis\" \/>\n<meta name=\"twitter:image\" content=\"https:\/\/www.dataprivacysolution.com\/wp-content\/uploads\/2022\/03\/garantiza-el-cumplimiento-normativo-rgpd.jpg\" \/>\n<meta name=\"twitter:label1\" content=\"Tiempo de lectura\" \/>\n\t<meta name=\"twitter:data1\" content=\"3 minutos\" \/>\n<script type=\"application\/ld+json\" class=\"yoast-schema-graph\">{\"@context\":\"https:\/\/schema.org\",\"@graph\":[{\"@type\":\"Organization\",\"@id\":\"https:\/\/www.dataprivacysolution.com\/#organization\",\"name\":\"Data Privacy Solution\",\"url\":\"https:\/\/www.dataprivacysolution.com\/\",\"sameAs\":[],\"logo\":{\"@type\":\"ImageObject\",\"@id\":\"https:\/\/www.dataprivacysolution.com\/#logo\",\"inLanguage\":\"es\",\"url\":\"https:\/\/www.dataprivacysolution.com\/wp-content\/uploads\/2021\/06\/1200.png\",\"contentUrl\":\"https:\/\/www.dataprivacysolution.com\/wp-content\/uploads\/2021\/06\/1200.png\",\"width\":1200,\"height\":1200,\"caption\":\"Data Privacy Solution\"},\"image\":{\"@id\":\"https:\/\/www.dataprivacysolution.com\/#logo\"}},{\"@type\":\"WebSite\",\"@id\":\"https:\/\/www.dataprivacysolution.com\/#website\",\"url\":\"https:\/\/www.dataprivacysolution.com\/\",\"name\":\"Data Privacy Solution\",\"description\":\"Protecci\u00f3n de datos personales para empresas y consultores\",\"publisher\":{\"@id\":\"https:\/\/www.dataprivacysolution.com\/#organization\"},\"potentialAction\":[{\"@type\":\"SearchAction\",\"target\":{\"@type\":\"EntryPoint\",\"urlTemplate\":\"https:\/\/www.dataprivacysolution.com\/?s={search_term_string}\"},\"query-input\":\"required name=search_term_string\"}],\"inLanguage\":\"es\"},{\"@type\":\"ImageObject\",\"@id\":\"https:\/\/www.dataprivacysolution.com\/index.php\/garantiza-el-cumplimiento-del-rgpd-y-lopdgdd\/#primaryimage\",\"inLanguage\":\"es\",\"url\":\"https:\/\/www.dataprivacysolution.com\/wp-content\/uploads\/2022\/03\/garantiza-el-cumplimiento-normativo-rgpd.jpg\",\"contentUrl\":\"https:\/\/www.dataprivacysolution.com\/wp-content\/uploads\/2022\/03\/garantiza-el-cumplimiento-normativo-rgpd.jpg\",\"width\":1000,\"height\":667,\"caption\":\"Garantiza el cumplimiento RGPD y LOPDGDD\"},{\"@type\":\"WebPage\",\"@id\":\"https:\/\/www.dataprivacysolution.com\/index.php\/garantiza-el-cumplimiento-del-rgpd-y-lopdgdd\/#webpage\",\"url\":\"https:\/\/www.dataprivacysolution.com\/index.php\/garantiza-el-cumplimiento-del-rgpd-y-lopdgdd\/\",\"name\":\"Garantiza el cumplimiento del RGPD y LOPDGDD | Data Privacy Solution\",\"isPartOf\":{\"@id\":\"https:\/\/www.dataprivacysolution.com\/#website\"},\"primaryImageOfPage\":{\"@id\":\"https:\/\/www.dataprivacysolution.com\/index.php\/garantiza-el-cumplimiento-del-rgpd-y-lopdgdd\/#primaryimage\"},\"datePublished\":\"2022-01-09T17:56:24+00:00\",\"dateModified\":\"2023-08-19T14:47:06+00:00\",\"description\":\"El Software RGPD es una soluci\u00f3n inform\u00e1tica pensada para asegurar el cumplimiento del reglamento general de protecci\u00f3n de datos. Demo Gratis\",\"breadcrumb\":{\"@id\":\"https:\/\/www.dataprivacysolution.com\/index.php\/garantiza-el-cumplimiento-del-rgpd-y-lopdgdd\/#breadcrumb\"},\"inLanguage\":\"es\",\"potentialAction\":[{\"@type\":\"ReadAction\",\"target\":[\"https:\/\/www.dataprivacysolution.com\/index.php\/garantiza-el-cumplimiento-del-rgpd-y-lopdgdd\/\"]}]},{\"@type\":\"BreadcrumbList\",\"@id\":\"https:\/\/www.dataprivacysolution.com\/index.php\/garantiza-el-cumplimiento-del-rgpd-y-lopdgdd\/#breadcrumb\",\"itemListElement\":[{\"@type\":\"ListItem\",\"position\":1,\"name\":\"Portada\",\"item\":\"https:\/\/www.dataprivacysolution.com\/\"},{\"@type\":\"ListItem\",\"position\":2,\"name\":\"Garantiza el cumplimiento del RGPD y LOPDGDD\"}]}]}<\/script>\n<!-- \/ Yoast SEO plugin. -->","yoast_head_json":{"title":"Garantiza el cumplimiento del RGPD y LOPDGDD | Data Privacy Solution","description":"El Software RGPD es una soluci\u00f3n inform\u00e1tica pensada para asegurar el cumplimiento del reglamento general de protecci\u00f3n de datos. Demo Gratis","robots":{"index":"index","follow":"follow","max-snippet":"max-snippet:-1","max-image-preview":"max-image-preview:large","max-video-preview":"max-video-preview:-1"},"canonical":"https:\/\/www.dataprivacysolution.com\/index.php\/garantiza-el-cumplimiento-del-rgpd-y-lopdgdd\/","og_locale":"es_ES","og_type":"article","og_title":"Garantiza el cumplimiento del RGPD y LOPDGDD","og_description":"El Software RGPD es una soluci\u00f3n inform\u00e1tica pensada para asegurar el cumplimiento del reglamento general de protecci\u00f3n de datos. Demo Gratis","og_url":"https:\/\/www.dataprivacysolution.com\/index.php\/garantiza-el-cumplimiento-del-rgpd-y-lopdgdd\/","og_site_name":"Data Privacy Solution","article_modified_time":"2023-08-19T14:47:06+00:00","og_image":[{"width":1000,"height":667,"url":"https:\/\/www.dataprivacysolution.com\/wp-content\/uploads\/2022\/03\/garantiza-el-cumplimiento-normativo-rgpd.jpg","type":"image\/jpeg"}],"twitter_card":"summary_large_image","twitter_title":"Garantiza el cumplimiento del RGPD y LOPDGDD","twitter_description":"El Software RGPD es una soluci\u00f3n inform\u00e1tica pensada para asegurar el cumplimiento del reglamento general de protecci\u00f3n de datos. Demo Gratis","twitter_image":"https:\/\/www.dataprivacysolution.com\/wp-content\/uploads\/2022\/03\/garantiza-el-cumplimiento-normativo-rgpd.jpg","twitter_misc":{"Tiempo de lectura":"3 minutos"},"schema":{"@context":"https:\/\/schema.org","@graph":[{"@type":"Organization","@id":"https:\/\/www.dataprivacysolution.com\/#organization","name":"Data Privacy Solution","url":"https:\/\/www.dataprivacysolution.com\/","sameAs":[],"logo":{"@type":"ImageObject","@id":"https:\/\/www.dataprivacysolution.com\/#logo","inLanguage":"es","url":"https:\/\/www.dataprivacysolution.com\/wp-content\/uploads\/2021\/06\/1200.png","contentUrl":"https:\/\/www.dataprivacysolution.com\/wp-content\/uploads\/2021\/06\/1200.png","width":1200,"height":1200,"caption":"Data Privacy Solution"},"image":{"@id":"https:\/\/www.dataprivacysolution.com\/#logo"}},{"@type":"WebSite","@id":"https:\/\/www.dataprivacysolution.com\/#website","url":"https:\/\/www.dataprivacysolution.com\/","name":"Data Privacy Solution","description":"Protecci\u00f3n de datos personales para empresas y consultores","publisher":{"@id":"https:\/\/www.dataprivacysolution.com\/#organization"},"potentialAction":[{"@type":"SearchAction","target":{"@type":"EntryPoint","urlTemplate":"https:\/\/www.dataprivacysolution.com\/?s={search_term_string}"},"query-input":"required name=search_term_string"}],"inLanguage":"es"},{"@type":"ImageObject","@id":"https:\/\/www.dataprivacysolution.com\/index.php\/garantiza-el-cumplimiento-del-rgpd-y-lopdgdd\/#primaryimage","inLanguage":"es","url":"https:\/\/www.dataprivacysolution.com\/wp-content\/uploads\/2022\/03\/garantiza-el-cumplimiento-normativo-rgpd.jpg","contentUrl":"https:\/\/www.dataprivacysolution.com\/wp-content\/uploads\/2022\/03\/garantiza-el-cumplimiento-normativo-rgpd.jpg","width":1000,"height":667,"caption":"Garantiza el cumplimiento RGPD y LOPDGDD"},{"@type":"WebPage","@id":"https:\/\/www.dataprivacysolution.com\/index.php\/garantiza-el-cumplimiento-del-rgpd-y-lopdgdd\/#webpage","url":"https:\/\/www.dataprivacysolution.com\/index.php\/garantiza-el-cumplimiento-del-rgpd-y-lopdgdd\/","name":"Garantiza el cumplimiento del RGPD y LOPDGDD | Data Privacy Solution","isPartOf":{"@id":"https:\/\/www.dataprivacysolution.com\/#website"},"primaryImageOfPage":{"@id":"https:\/\/www.dataprivacysolution.com\/index.php\/garantiza-el-cumplimiento-del-rgpd-y-lopdgdd\/#primaryimage"},"datePublished":"2022-01-09T17:56:24+00:00","dateModified":"2023-08-19T14:47:06+00:00","description":"El Software RGPD es una soluci\u00f3n inform\u00e1tica pensada para asegurar el cumplimiento del reglamento general de protecci\u00f3n de datos. Demo Gratis","breadcrumb":{"@id":"https:\/\/www.dataprivacysolution.com\/index.php\/garantiza-el-cumplimiento-del-rgpd-y-lopdgdd\/#breadcrumb"},"inLanguage":"es","potentialAction":[{"@type":"ReadAction","target":["https:\/\/www.dataprivacysolution.com\/index.php\/garantiza-el-cumplimiento-del-rgpd-y-lopdgdd\/"]}]},{"@type":"BreadcrumbList","@id":"https:\/\/www.dataprivacysolution.com\/index.php\/garantiza-el-cumplimiento-del-rgpd-y-lopdgdd\/#breadcrumb","itemListElement":[{"@type":"ListItem","position":1,"name":"Portada","item":"https:\/\/www.dataprivacysolution.com\/"},{"@type":"ListItem","position":2,"name":"Garantiza el cumplimiento del RGPD y LOPDGDD"}]}]}},"_links":{"self":[{"href":"https:\/\/www.dataprivacysolution.com\/index.php\/wp-json\/wp\/v2\/pages\/457"}],"collection":[{"href":"https:\/\/www.dataprivacysolution.com\/index.php\/wp-json\/wp\/v2\/pages"}],"about":[{"href":"https:\/\/www.dataprivacysolution.com\/index.php\/wp-json\/wp\/v2\/types\/page"}],"author":[{"embeddable":true,"href":"https:\/\/www.dataprivacysolution.com\/index.php\/wp-json\/wp\/v2\/users\/1"}],"replies":[{"embeddable":true,"href":"https:\/\/www.dataprivacysolution.com\/index.php\/wp-json\/wp\/v2\/comments?post=457"}],"version-history":[{"count":11,"href":"https:\/\/www.dataprivacysolution.com\/index.php\/wp-json\/wp\/v2\/pages\/457\/revisions"}],"predecessor-version":[{"id":565,"href":"https:\/\/www.dataprivacysolution.com\/index.php\/wp-json\/wp\/v2\/pages\/457\/revisions\/565"}],"wp:attachment":[{"href":"https:\/\/www.dataprivacysolution.com\/index.php\/wp-json\/wp\/v2\/media?parent=457"}],"curies":[{"name":"wp","href":"https:\/\/api.w.org\/{rel}","templated":true}]}}